{"id":18366,"date":"2023-12-29T10:02:43","date_gmt":"2023-12-29T10:02:43","guid":{"rendered":"https:\/\/willyvastiau.be\/?page_id=18366"},"modified":"2023-12-29T10:02:44","modified_gmt":"2023-12-29T10:02:44","slug":"merci","status":"publish","type":"page","link":"https:\/\/willyvastiau.be\/fr\/services\/merci\/","title":{"rendered":"Merci"},"content":{"rendered":"\t\t<div data-elementor-type=\"wp-page\" data-elementor-id=\"18366\" class=\"elementor elementor-18366\" data-elementor-post-type=\"page\">\n\t\t\t\t<div class=\"elementor-element elementor-element-fe00d0f e-con-full e-flex e-con e-parent\" data-id=\"fe00d0f\" data-element_type=\"container\" data-e-type=\"container\">\n\t\t<div class=\"elementor-element elementor-element-f9c063a e-con-full e-flex e-con e-child\" data-id=\"f9c063a\" data-element_type=\"container\" data-e-type=\"container\" data-settings=\"{&quot;background_background&quot;:&quot;classic&quot;}\">\n\t\t<div class=\"elementor-element elementor-element-1a1aa85 e-flex e-con-boxed e-con e-child\" data-id=\"1a1aa85\" data-element_type=\"container\" data-e-type=\"container\">\n\t\t\t\t\t<div class=\"e-con-inner\">\n\t\t\t\t<div class=\"elementor-element elementor-element-d21fa6a elementor-widget elementor-widget-heading\" data-id=\"d21fa6a\" data-element_type=\"widget\" data-e-type=\"widget\" data-widget_type=\"heading.default\">\n\t\t\t\t<div class=\"elementor-widget-container\">\n\t\t\t\t\t<h2 class=\"elementor-heading-title elementor-size-default\">Merci<\/h2>\t\t\t\t<\/div>\n\t\t\t\t<\/div>\n\t\t\t\t\t<\/div>\n\t\t\t\t<\/div>\n\t\t\t\t<\/div>\n\t\t\t\t<\/div>\n\t\t<div class=\"elementor-element elementor-element-9ac387a e-flex e-con-boxed e-con e-parent\" data-id=\"9ac387a\" data-element_type=\"container\" data-e-type=\"container\" data-settings=\"{&quot;background_background&quot;:&quot;classic&quot;}\">\n\t\t\t\t\t<div class=\"e-con-inner\">\n\t\t\t\t<div class=\"elementor-element elementor-element-05f98f6 elementor-widget__width-inherit elementor-widget elementor-widget-heading\" data-id=\"05f98f6\" data-element_type=\"widget\" data-e-type=\"widget\" data-widget_type=\"heading.default\">\n\t\t\t\t<div class=\"elementor-widget-container\">\n\t\t\t\t\t<h5 class=\"elementor-heading-title elementor-size-default\">Nous vous remercions de nous avoir contact\u00e9, nous vous r\u00e9pondrons dans les plus brefs d\u00e9lais.<br \/>\nParfois nos e-mails se retrouvent dans vos spams, veuillez v\u00e9rifier vos courriers ind\u00e9sirables<\/h5>\t\t\t\t<\/div>\n\t\t\t\t<\/div>\n\t\t\t\t\t<\/div>\n\t\t\t\t<\/div>\n\t\t\t\t<\/div>\n\t\t","protected":false},"excerpt":{"rendered":"<p>Nous vous remercions de nous avoir contact\u00e9, nous vous r\u00e9pondrons dans les plus brefs d\u00e9lais. Parfois nos e-mails se retrouvent dans vos spams, veuillez v\u00e9rifier vos courriers ind\u00e9sirables<\/p>\n","protected":false},"author":1,"featured_media":0,"parent":18069,"menu_order":0,"comment_status":"closed","ping_status":"closed","template":"elementor_header_footer","meta":{"inline_featured_image":false,"footnotes":""},"class_list":["post-18366","page","type-page","status-publish","hentry"],"aioseo_notices":[],"_links":{"self":[{"href":"https:\/\/willyvastiau.be\/fr\/wp-json\/wp\/v2\/pages\/18366","targetHints":{"allow":["GET"]}}],"collection":[{"href":"https:\/\/willyvastiau.be\/fr\/wp-json\/wp\/v2\/pages"}],"about":[{"href":"https:\/\/willyvastiau.be\/fr\/wp-json\/wp\/v2\/types\/page"}],"author":[{"embeddable":true,"href":"https:\/\/willyvastiau.be\/fr\/wp-json\/wp\/v2\/users\/1"}],"replies":[{"embeddable":true,"href":"https:\/\/willyvastiau.be\/fr\/wp-json\/wp\/v2\/comments?post=18366"}],"version-history":[{"count":1,"href":"https:\/\/willyvastiau.be\/fr\/wp-json\/wp\/v2\/pages\/18366\/revisions"}],"predecessor-version":[{"id":18371,"href":"https:\/\/willyvastiau.be\/fr\/wp-json\/wp\/v2\/pages\/18366\/revisions\/18371"}],"up":[{"embeddable":true,"href":"https:\/\/willyvastiau.be\/fr\/wp-json\/wp\/v2\/pages\/18069"}],"wp:attachment":[{"href":"https:\/\/willyvastiau.be\/fr\/wp-json\/wp\/v2\/media?parent=18366"}],"curies":[{"name":"wp","href":"https:\/\/api.w.org\/{rel}","templated":true}]}}