{"id":19216,"date":"2024-09-18T13:06:45","date_gmt":"2024-09-18T13:06:45","guid":{"rendered":"https:\/\/willyvastiau.be\/?page_id=19216"},"modified":"2024-09-18T13:09:50","modified_gmt":"2024-09-18T13:09:50","slug":"job","status":"publish","type":"page","link":"https:\/\/willyvastiau.be\/fr\/job\/","title":{"rendered":"JOB"},"content":{"rendered":"\t\t<div data-elementor-type=\"wp-page\" data-elementor-id=\"19216\" class=\"elementor elementor-19216\" data-elementor-post-type=\"page\">\n\t\t\t\t<div class=\"elementor-element elementor-element-fe00d0f e-con-full e-flex e-con e-parent\" data-id=\"fe00d0f\" data-element_type=\"container\" data-e-type=\"container\">\n\t\t<div class=\"elementor-element elementor-element-f9c063a e-con-full e-flex e-con e-child\" data-id=\"f9c063a\" data-element_type=\"container\" data-e-type=\"container\" data-settings=\"{&quot;background_background&quot;:&quot;classic&quot;}\">\n\t\t<div class=\"elementor-element elementor-element-1a1aa85 e-flex e-con-boxed e-con e-child\" data-id=\"1a1aa85\" data-element_type=\"container\" data-e-type=\"container\">\n\t\t\t\t\t<div class=\"e-con-inner\">\n\t\t\t\t<div class=\"elementor-element elementor-element-d21fa6a elementor-widget elementor-widget-heading\" data-id=\"d21fa6a\" data-element_type=\"widget\" data-e-type=\"widget\" data-widget_type=\"heading.default\">\n\t\t\t\t<div class=\"elementor-widget-container\">\n\t\t\t\t\t<h2 class=\"elementor-heading-title elementor-size-default\">JOB<\/h2>\t\t\t\t<\/div>\n\t\t\t\t<\/div>\n\t\t\t\t\t<\/div>\n\t\t\t\t<\/div>\n\t\t\t\t<\/div>\n\t\t\t\t<\/div>\n\t\t<div class=\"elementor-element elementor-element-9ac387a e-flex e-con-boxed e-con e-parent\" data-id=\"9ac387a\" data-element_type=\"container\" data-e-type=\"container\" data-settings=\"{&quot;background_background&quot;:&quot;classic&quot;}\">\n\t\t\t\t\t<div class=\"e-con-inner\">\n\t\t<div class=\"elementor-element elementor-element-653ca5e e-con-full e-flex e-con e-child\" data-id=\"653ca5e\" data-element_type=\"container\" data-e-type=\"container\">\n\t\t<div class=\"elementor-element elementor-element-a2ae7bb e-con-full e-flex e-con e-child\" data-id=\"a2ae7bb\" data-element_type=\"container\" data-e-type=\"container\">\n\t\t\t\t<div class=\"elementor-element elementor-element-87010c8 image-after elementor-widget elementor-widget-image\" data-id=\"87010c8\" data-element_type=\"widget\" data-e-type=\"widget\" data-widget_type=\"image.default\">\n\t\t\t\t<div class=\"elementor-widget-container\">\n\t\t\t\t\t\t\t\t\t\t\t\t\t\t\t<img decoding=\"async\" src=\"https:\/\/willyvastiau.be\/wp-content\/uploads\/elementor\/thumbs\/Willy-Vastiau-scaled-qnm8jljn5if5s2qgtg8cx8xognhg0rc6gzlozstyfc.jpeg\" title=\"Willy Vastiau\" alt=\"Willy Vastiau\" loading=\"lazy\" \/>\t\t\t\t\t\t\t\t\t\t\t\t\t\t\t<\/div>\n\t\t\t\t<\/div>\n\t\t\t\t<\/div>\n\t\t<div class=\"elementor-element elementor-element-fa66ff8 e-flex e-con-boxed e-con e-child\" data-id=\"fa66ff8\" data-element_type=\"container\" data-e-type=\"container\" data-settings=\"{&quot;background_background&quot;:&quot;classic&quot;}\">\n\t\t\t\t\t<div class=\"e-con-inner\">\n\t\t\t\t<div class=\"elementor-element elementor-element-87ee416 elementor-widget elementor-widget-text-editor\" data-id=\"87ee416\" data-element_type=\"widget\" data-e-type=\"widget\" data-widget_type=\"text-editor.default\">\n\t\t\t\t<div class=\"elementor-widget-container\">\n\t\t\t\t\t\t\t\t\t<p><b>WILLY VASTIAU WAVRE<\/b> est \u00e0 la recherche d&rsquo;<b>un conseiller commercial <\/b>Temps partiel<b> H\/F <\/b>pour rejoindre son \u00e9quipe familiale \u00e0 Wavre<\/p><p><i>Profil<\/i><\/p><p>&#8211; Vous aimez le contact client<\/p><p>&#8211; Vous avez une affinit\u00e9 particuli\u00e8re avec les produits de l&rsquo;ameublement et de la d\u00e9coration<\/p><p>&#8211; Exp\u00e9rience requise<\/p><p><i>&#8211; <\/i>Flexible et disponible le weekend<\/p><p>Merci d&rsquo;envoyer votre candidature par mail : <a class=\"moz-txt-link-abbreviated moz-txt-link-freetext\" href=\"mailto:info@willyvastiau.be\">info@willyvastiau.be<\/a> ou par courrier<\/p>\t\t\t\t\t\t\t\t<\/div>\n\t\t\t\t<\/div>\n\t\t\t\t\t<\/div>\n\t\t\t\t<\/div>\n\t\t\t\t<\/div>\n\t\t\t\t\t<\/div>\n\t\t\t\t<\/div>\n\t\t<div class=\"elementor-element elementor-element-7e3fd91 e-flex e-con-boxed e-con e-parent\" data-id=\"7e3fd91\" data-element_type=\"container\" data-e-type=\"container\" data-settings=\"{&quot;background_background&quot;:&quot;classic&quot;}\">\n\t\t\t\t\t<div class=\"e-con-inner\">\n\t\t<div class=\"elementor-element elementor-element-d557d73 e-con-full e-flex e-con e-child\" data-id=\"d557d73\" data-element_type=\"container\" data-e-type=\"container\">\n\t\t<div class=\"elementor-element elementor-element-d3f2c6f e-con-full e-flex e-con e-child\" data-id=\"d3f2c6f\" data-element_type=\"container\" data-e-type=\"container\">\n\t\t\t\t<div class=\"elementor-element elementor-element-cccee65 image-after elementor-widget elementor-widget-image\" data-id=\"cccee65\" data-element_type=\"widget\" data-e-type=\"widget\" data-widget_type=\"image.default\">\n\t\t\t\t<div class=\"elementor-widget-container\">\n\t\t\t\t\t\t\t\t\t\t\t\t\t\t\t<img decoding=\"async\" src=\"https:\/\/willyvastiau.be\/wp-content\/uploads\/elementor\/thumbs\/Willy-Vastiau-entre\u0301e-qnm8iuabnbdufdu28mg6extb8h7stjbyp8om2rydfs.jpeg\" title=\"Willy Vastiau entre\u0301e\" alt=\"Willy Vastiau entre\u0301e\" loading=\"lazy\" \/>\t\t\t\t\t\t\t\t\t\t\t\t\t\t\t<\/div>\n\t\t\t\t<\/div>\n\t\t\t\t<\/div>\n\t\t<div class=\"elementor-element elementor-element-0f85391 e-flex e-con-boxed e-con e-child\" data-id=\"0f85391\" data-element_type=\"container\" data-e-type=\"container\" data-settings=\"{&quot;background_background&quot;:&quot;classic&quot;}\">\n\t\t\t\t\t<div class=\"e-con-inner\">\n\t\t\t\t<div class=\"elementor-element elementor-element-954b64a elementor-widget elementor-widget-text-editor\" data-id=\"954b64a\" data-element_type=\"widget\" data-e-type=\"widget\" data-widget_type=\"text-editor.default\">\n\t\t\t\t<div class=\"elementor-widget-container\">\n\t\t\t\t\t\t\t\t\t<p><b>WILLY VASTIAU WAVRE<\/b> est \u00e0 la recherche d&rsquo;<b>un gestionnaire SAV Temps partiel H\/F<\/b> pour assurer le suivi et la satisfaction client.<\/p><p><i>Profil<\/i><\/p><p>&#8211; patience<\/p><p>&#8211; sens du service client<\/p><p>&#8211; un bon relationnel<\/p><p>&#8211; bilingue Fran\u00e7ais \/N\u00e9erlandais<\/p><p>Merci d&rsquo;envoyer votre candidature par mail : <a class=\"moz-txt-link-abbreviated moz-txt-link-freetext\" href=\"mailto:info@willyvastiau.be\">info@willyvastiau.be<\/a> ou par courrier<\/p>\t\t\t\t\t\t\t\t<\/div>\n\t\t\t\t<\/div>\n\t\t\t\t\t<\/div>\n\t\t\t\t<\/div>\n\t\t\t\t<\/div>\n\t\t\t\t\t<\/div>\n\t\t\t\t<\/div>\n\t\t\t\t<\/div>\n\t\t","protected":false},"excerpt":{"rendered":"<p>WILLY VASTIAU WAVRE est \u00e0 la recherche d&rsquo;un conseiller commercial Temps partiel H\/F pour rejoindre son \u00e9quipe familiale \u00e0 Wavre Profil &#8211; Vous aimez le contact client &#8211; Vous avez une affinit\u00e9 particuli\u00e8re avec les produits de l&rsquo;ameublement et de la d\u00e9coration &#8211; Exp\u00e9rience requise &#8211; Flexible et disponible le weekend Merci d&rsquo;envoyer votre candidature [&hellip;]<\/p>\n","protected":false},"author":1,"featured_media":0,"parent":0,"menu_order":0,"comment_status":"closed","ping_status":"closed","template":"elementor_header_footer","meta":{"inline_featured_image":false,"footnotes":""},"class_list":["post-19216","page","type-page","status-publish","hentry"],"aioseo_notices":[],"_links":{"self":[{"href":"https:\/\/willyvastiau.be\/fr\/wp-json\/wp\/v2\/pages\/19216","targetHints":{"allow":["GET"]}}],"collection":[{"href":"https:\/\/willyvastiau.be\/fr\/wp-json\/wp\/v2\/pages"}],"about":[{"href":"https:\/\/willyvastiau.be\/fr\/wp-json\/wp\/v2\/types\/page"}],"author":[{"embeddable":true,"href":"https:\/\/willyvastiau.be\/fr\/wp-json\/wp\/v2\/users\/1"}],"replies":[{"embeddable":true,"href":"https:\/\/willyvastiau.be\/fr\/wp-json\/wp\/v2\/comments?post=19216"}],"version-history":[{"count":7,"href":"https:\/\/willyvastiau.be\/fr\/wp-json\/wp\/v2\/pages\/19216\/revisions"}],"predecessor-version":[{"id":19225,"href":"https:\/\/willyvastiau.be\/fr\/wp-json\/wp\/v2\/pages\/19216\/revisions\/19225"}],"wp:attachment":[{"href":"https:\/\/willyvastiau.be\/fr\/wp-json\/wp\/v2\/media?parent=19216"}],"curies":[{"name":"wp","href":"https:\/\/api.w.org\/{rel}","templated":true}]}}