{"id":13347,"date":"2023-11-09T10:14:29","date_gmt":"2023-11-09T10:14:29","guid":{"rendered":"https:\/\/willyvastiau.be\/?post_type=product&#038;p=13347"},"modified":"2023-11-09T10:14:29","modified_gmt":"2023-11-09T10:14:29","slug":"set-de-voyage","status":"publish","type":"product","link":"https:\/\/willyvastiau.be\/fr\/produit\/set-de-voyage\/","title":{"rendered":"Set de voyage"},"content":{"rendered":"","protected":false},"excerpt":{"rendered":"<p>Vous ressentez l&rsquo;absence de la sensation TEMPUR lorsque vous n&rsquo;\u00eates pas dans votre propre lit ? Le set de voyage TEMPUR est l\u00e0 pour vous permettre de retrouver cette sensation, o\u00f9 que vous soyez. Ce syst\u00e8me de sommeil portable comprend un surmatelas et un oreiller de voyage, le tout soigneusement emball\u00e9 dans un sac portable \u00e9quip\u00e9 de roulettes pratiques.<\/p>\n","protected":false},"featured_media":13358,"comment_status":"open","ping_status":"closed","template":"","meta":{"inline_featured_image":false},"pwb-brand":[304],"product_brand":[],"product_cat":[407,81],"product_tag":[],"class_list":{"0":"post-13347","1":"product","2":"type-product","3":"status-publish","4":"has-post-thumbnail","6":"pwb-brand-tempur","7":"product_cat-accessoires","8":"product_cat-literie","10":"first","11":"instock","12":"shipping-taxable","13":"product-type-simple"},"aioseo_notices":[],"brands":[{"id":304,"name":"Tempur","slug":"tempur"}],"_links":{"self":[{"href":"https:\/\/willyvastiau.be\/fr\/wp-json\/wp\/v2\/product\/13347","targetHints":{"allow":["GET"]}}],"collection":[{"href":"https:\/\/willyvastiau.be\/fr\/wp-json\/wp\/v2\/product"}],"about":[{"href":"https:\/\/willyvastiau.be\/fr\/wp-json\/wp\/v2\/types\/product"}],"replies":[{"embeddable":true,"href":"https:\/\/willyvastiau.be\/fr\/wp-json\/wp\/v2\/comments?post=13347"}],"wp:featuredmedia":[{"embeddable":true,"href":"https:\/\/willyvastiau.be\/fr\/wp-json\/wp\/v2\/media\/13358"}],"wp:attachment":[{"href":"https:\/\/willyvastiau.be\/fr\/wp-json\/wp\/v2\/media?parent=13347"}],"wp:term":[{"taxonomy":"pwb-brand","embeddable":true,"href":"https:\/\/willyvastiau.be\/fr\/wp-json\/wp\/v2\/pwb-brand?post=13347"},{"taxonomy":"product_brand","embeddable":true,"href":"https:\/\/willyvastiau.be\/fr\/wp-json\/wp\/v2\/product_brand?post=13347"},{"taxonomy":"product_cat","embeddable":true,"href":"https:\/\/willyvastiau.be\/fr\/wp-json\/wp\/v2\/product_cat?post=13347"},{"taxonomy":"product_tag","embeddable":true,"href":"https:\/\/willyvastiau.be\/fr\/wp-json\/wp\/v2\/product_tag?post=13347"}],"curies":[{"name":"wp","href":"https:\/\/api.w.org\/{rel}","templated":true}]}}