{"id":13375,"date":"2023-11-09T10:52:26","date_gmt":"2023-11-09T10:52:26","guid":{"rendered":"https:\/\/willyvastiau.be\/?post_type=product&#038;p=13375"},"modified":"2023-11-09T13:34:56","modified_gmt":"2023-11-09T13:34:56","slug":"test-perfecta","status":"publish","type":"product","link":"https:\/\/willyvastiau.be\/fr\/produit\/test-perfecta\/","title":{"rendered":"Ensemble table Alegro et tabourets BarLago"},"content":{"rendered":"","protected":false},"excerpt":{"rendered":"<p>D\u00e9couvrez nos fiches techniques pour des informations essentielles sur nos chaises et tables de cuisine. Ces d\u00e9tails vous aident \u00e0 choisir le produit id\u00e9al en fonction de vos besoins de design et de dimensions.<\/p>\n<blockquote>\n<ul>\n<li><strong><a href=\"https:\/\/willyvastiau.be\/wp-content\/uploads\/2023\/11\/PRODUCTFICHE_Lago_BAR.pdf\" target=\"_blank\" rel=\"noopener\">Tabourets BarLago<\/a><\/strong><\/li>\n<li><strong><a href=\"https:\/\/willyvastiau.be\/wp-content\/uploads\/2023\/11\/PRODUCTFICHE_T_Alegro_HPL_HA_FE_MHA-1.pdf\" target=\"_blank\" rel=\"noopener\">Table Alegro<\/a><\/strong><\/li>\n<\/ul>\n<\/blockquote>\n<p>Pour toute question suppl\u00e9mentaire ou pour explorer davantage les options de configuration de votre choix, n&rsquo;h\u00e9sitez pas \u00e0 nous contacter. Notre \u00e9quipe est \u00e0 votre disposition pour vous guider dans la personnalisation de votre chaise ou table de cuisine id\u00e9ale. Vous pouvez \u00e9galement visiter l&rsquo;un de nos showrooms pour une exp\u00e9rience en personne et un service personnalis\u00e9. Nous sommes l\u00e0 pour vous aider \u00e0 cr\u00e9er l&rsquo;espace de cuisine de vos r\u00eaves.<\/p>\n<p>&nbsp;<\/p>\n","protected":false},"featured_media":13388,"comment_status":"open","ping_status":"closed","template":"","meta":{"inline_featured_image":false},"pwb-brand":[422],"product_brand":[],"product_cat":[423],"product_tag":[],"class_list":{"0":"post-13375","1":"product","2":"type-product","3":"status-publish","4":"has-post-thumbnail","6":"pwb-brand-perfecta","7":"product_cat-tables-et-chaises-de-cuisine","9":"first","10":"instock","11":"shipping-taxable","12":"product-type-simple"},"aioseo_notices":[],"brands":[{"id":422,"name":"Perfecta","slug":"perfecta"}],"_links":{"self":[{"href":"https:\/\/willyvastiau.be\/fr\/wp-json\/wp\/v2\/product\/13375","targetHints":{"allow":["GET"]}}],"collection":[{"href":"https:\/\/willyvastiau.be\/fr\/wp-json\/wp\/v2\/product"}],"about":[{"href":"https:\/\/willyvastiau.be\/fr\/wp-json\/wp\/v2\/types\/product"}],"replies":[{"embeddable":true,"href":"https:\/\/willyvastiau.be\/fr\/wp-json\/wp\/v2\/comments?post=13375"}],"wp:featuredmedia":[{"embeddable":true,"href":"https:\/\/willyvastiau.be\/fr\/wp-json\/wp\/v2\/media\/13388"}],"wp:attachment":[{"href":"https:\/\/willyvastiau.be\/fr\/wp-json\/wp\/v2\/media?parent=13375"}],"wp:term":[{"taxonomy":"pwb-brand","embeddable":true,"href":"https:\/\/willyvastiau.be\/fr\/wp-json\/wp\/v2\/pwb-brand?post=13375"},{"taxonomy":"product_brand","embeddable":true,"href":"https:\/\/willyvastiau.be\/fr\/wp-json\/wp\/v2\/product_brand?post=13375"},{"taxonomy":"product_cat","embeddable":true,"href":"https:\/\/willyvastiau.be\/fr\/wp-json\/wp\/v2\/product_cat?post=13375"},{"taxonomy":"product_tag","embeddable":true,"href":"https:\/\/willyvastiau.be\/fr\/wp-json\/wp\/v2\/product_tag?post=13375"}],"curies":[{"name":"wp","href":"https:\/\/api.w.org\/{rel}","templated":true}]}}