{"id":13678,"date":"2023-11-10T09:25:46","date_gmt":"2023-11-10T09:25:46","guid":{"rendered":"https:\/\/willyvastiau.be\/?post_type=product&#038;p=13678"},"modified":"2023-11-10T09:33:50","modified_gmt":"2023-11-10T09:33:50","slug":"ensemble-table-valencia-et-chaises-pisa","status":"publish","type":"product","link":"https:\/\/willyvastiau.be\/fr\/produit\/ensemble-table-valencia-et-chaises-pisa\/","title":{"rendered":"Ensemble table Valencia et chaises Pisa"},"content":{"rendered":"","protected":false},"excerpt":{"rendered":"<p>Explorez nos fiches techniques pour acc\u00e9der aux informations essentielles concernant nos chaises et tables de cuisine. Ces informations vous guideront vers le choix parfait, en accord avec vos pr\u00e9f\u00e9rences de design et de dimensions.<\/p>\n<ul>\n<li><strong><a href=\"https:\/\/willyvastiau.be\/wp-content\/uploads\/2023\/11\/PRODUCTFICHE_T_Valencia_HPL_HA_FE.pdf\" target=\"_blank\" rel=\"noopener\">Table Valencia<\/a><\/strong><\/li>\n<li><strong><a href=\"https:\/\/willyvastiau.be\/wp-content\/uploads\/2023\/11\/PRODUCTFICHE_Pisa-1.pdf\" target=\"_blank\" rel=\"noopener\">Chaise Pisa<\/a><\/strong><\/li>\n<\/ul>\n<p>N&rsquo;h\u00e9sitez pas \u00e0 nous contacter pour toute question ou personnalisation de votre chaise ou table de cuisine. Vous pouvez aussi visiter nos showrooms pour une exp\u00e9rience en personne et un service personnalis\u00e9 dans la cr\u00e9ation de votre cuisine de r\u00eave.<\/p>\n","protected":false},"featured_media":13679,"comment_status":"open","ping_status":"closed","template":"","meta":{"inline_featured_image":false},"pwb-brand":[422],"product_brand":[],"product_cat":[423],"product_tag":[],"class_list":{"0":"post-13678","1":"product","2":"type-product","3":"status-publish","4":"has-post-thumbnail","6":"pwb-brand-perfecta","7":"product_cat-tables-et-chaises-de-cuisine","9":"first","10":"instock","11":"shipping-taxable","12":"product-type-simple"},"aioseo_notices":[],"brands":[{"id":422,"name":"Perfecta","slug":"perfecta"}],"_links":{"self":[{"href":"https:\/\/willyvastiau.be\/fr\/wp-json\/wp\/v2\/product\/13678","targetHints":{"allow":["GET"]}}],"collection":[{"href":"https:\/\/willyvastiau.be\/fr\/wp-json\/wp\/v2\/product"}],"about":[{"href":"https:\/\/willyvastiau.be\/fr\/wp-json\/wp\/v2\/types\/product"}],"replies":[{"embeddable":true,"href":"https:\/\/willyvastiau.be\/fr\/wp-json\/wp\/v2\/comments?post=13678"}],"wp:featuredmedia":[{"embeddable":true,"href":"https:\/\/willyvastiau.be\/fr\/wp-json\/wp\/v2\/media\/13679"}],"wp:attachment":[{"href":"https:\/\/willyvastiau.be\/fr\/wp-json\/wp\/v2\/media?parent=13678"}],"wp:term":[{"taxonomy":"pwb-brand","embeddable":true,"href":"https:\/\/willyvastiau.be\/fr\/wp-json\/wp\/v2\/pwb-brand?post=13678"},{"taxonomy":"product_brand","embeddable":true,"href":"https:\/\/willyvastiau.be\/fr\/wp-json\/wp\/v2\/product_brand?post=13678"},{"taxonomy":"product_cat","embeddable":true,"href":"https:\/\/willyvastiau.be\/fr\/wp-json\/wp\/v2\/product_cat?post=13678"},{"taxonomy":"product_tag","embeddable":true,"href":"https:\/\/willyvastiau.be\/fr\/wp-json\/wp\/v2\/product_tag?post=13678"}],"curies":[{"name":"wp","href":"https:\/\/api.w.org\/{rel}","templated":true}]}}