{"id":14515,"date":"2023-11-14T16:13:41","date_gmt":"2023-11-14T16:13:41","guid":{"rendered":"https:\/\/willyvastiau.be\/?post_type=product&#038;p=14515"},"modified":"2023-11-14T16:18:41","modified_gmt":"2023-11-14T16:18:41","slug":"salle-a-manger-matteo","status":"publish","type":"product","link":"https:\/\/willyvastiau.be\/fr\/produit\/salle-a-manger-matteo\/","title":{"rendered":"Salle \u00e0 manger Matteo"},"content":{"rendered":"","protected":false},"excerpt":{"rendered":"<p>\u00c9pur\u00e9e et raffin\u00e9e, cette salle \u00e0 manger marie subtilement la douceur du bois \u00e0 l&rsquo;aspect brut du m\u00e9tal, cr\u00e9ant ainsi un environnement sobre et \u00e9l\u00e9gant.<\/p>\n<p>Id\u00e9ale pour accueillir vos convives avec convivialit\u00e9, la salle \u00e0 manger MATTEO se compose de :<br \/>\n&#8211; Un bahut de 248 cm avec 3 portes et 3 tiroirs, dont les tiroirs sont mont\u00e9s sur coulisses m\u00e9talliques avec frein.<br \/>\n&#8211; Une vitrine de 132 cm avec \u00e9clairage LED inclus.<br \/>\n&#8211; Une table \u00e0 manger fixe de 185 cm, avec un plateau en m\u00e9lamine.<br \/>\n&#8211; Quatre chaises.<\/p>\n<p>Cette gamme de meubles, fabriqu\u00e9e en panneaux de particules haute densit\u00e9, offre \u00e9galement d&rsquo;autres options pour compl\u00e9ter votre ensemble :<br \/>\n&#8211; Un bahut de 195 cm avec 3 portes et 1 tiroir.<br \/>\n&#8211; Une table fixe de 160 cm.<br \/>\n&#8211; Une table de 220 cm.<br \/>\n&#8211; Un meuble TV de 146 cm.<br \/>\n&#8211; Une table de salon de 130 cm.<br \/>\n&#8211; Un miroir carr\u00e9 de 60\u00d760 cm.<\/p>\n<p>D\u00e9couvrez la polyvalence de la gamme MATTEO pour personnaliser votre espace selon vos pr\u00e9f\u00e9rences.<\/p>\n","protected":false},"featured_media":14516,"comment_status":"open","ping_status":"closed","template":"","meta":{"inline_featured_image":false},"pwb-brand":[426],"product_brand":[],"product_cat":[93,78],"product_tag":[],"class_list":{"0":"post-14515","1":"product","2":"type-product","3":"status-publish","4":"has-post-thumbnail","6":"pwb-brand-bauwens","7":"product_cat-ensemble-salle-a-manger","8":"product_cat-salle-a-manger","10":"first","11":"instock","12":"shipping-taxable","13":"product-type-simple"},"aioseo_notices":[],"brands":[{"id":426,"name":"Bauwens","slug":"bauwens"}],"_links":{"self":[{"href":"https:\/\/willyvastiau.be\/fr\/wp-json\/wp\/v2\/product\/14515","targetHints":{"allow":["GET"]}}],"collection":[{"href":"https:\/\/willyvastiau.be\/fr\/wp-json\/wp\/v2\/product"}],"about":[{"href":"https:\/\/willyvastiau.be\/fr\/wp-json\/wp\/v2\/types\/product"}],"replies":[{"embeddable":true,"href":"https:\/\/willyvastiau.be\/fr\/wp-json\/wp\/v2\/comments?post=14515"}],"wp:featuredmedia":[{"embeddable":true,"href":"https:\/\/willyvastiau.be\/fr\/wp-json\/wp\/v2\/media\/14516"}],"wp:attachment":[{"href":"https:\/\/willyvastiau.be\/fr\/wp-json\/wp\/v2\/media?parent=14515"}],"wp:term":[{"taxonomy":"pwb-brand","embeddable":true,"href":"https:\/\/willyvastiau.be\/fr\/wp-json\/wp\/v2\/pwb-brand?post=14515"},{"taxonomy":"product_brand","embeddable":true,"href":"https:\/\/willyvastiau.be\/fr\/wp-json\/wp\/v2\/product_brand?post=14515"},{"taxonomy":"product_cat","embeddable":true,"href":"https:\/\/willyvastiau.be\/fr\/wp-json\/wp\/v2\/product_cat?post=14515"},{"taxonomy":"product_tag","embeddable":true,"href":"https:\/\/willyvastiau.be\/fr\/wp-json\/wp\/v2\/product_tag?post=14515"}],"curies":[{"name":"wp","href":"https:\/\/api.w.org\/{rel}","templated":true}]}}