{"id":14570,"date":"2023-11-14T16:32:49","date_gmt":"2023-11-14T16:32:49","guid":{"rendered":"https:\/\/willyvastiau.be\/?post_type=product&#038;p=14570"},"modified":"2023-11-14T16:37:33","modified_gmt":"2023-11-14T16:37:33","slug":"salle-a-manger-nelson","status":"publish","type":"product","link":"https:\/\/willyvastiau.be\/fr\/produit\/salle-a-manger-nelson\/","title":{"rendered":"Salle \u00e0 manger Nelson"},"content":{"rendered":"","protected":false},"excerpt":{"rendered":"<p>La salle \u00e0 manger NELSON offre un style contemporain avec son mariage audacieux de ch\u00eane naturel et de b\u00e9ton cir\u00e9, apportant un impact visuel fort \u00e0 votre pi\u00e8ce de s\u00e9jour.<\/p>\n<p>\u00c9quip\u00e9 d&rsquo;un \u00e9clairage LED indirect, le buffet et la vitrine ajoutent une touche moderne. Les portes et les tiroirs b\u00e9n\u00e9ficient du syst\u00e8me d&rsquo;amortissement de fermeture \u00ab\u00a0soft close\u00a0\u00bb pour une exp\u00e9rience pratique et silencieuse.<\/p>\n<p>L&rsquo;ensemble se compose de :<br \/>\n&#8211; Un buffet de 210 cm avec \u00e9clairage LED.<br \/>\n&#8211; Une vitrine argentier de 108 cm avec \u00e9clairage LED.<br \/>\n&#8211; Une table extensible de 180 \u00e0 235 cm.<br \/>\n&#8211; Quatre chaises.<\/p>\n<p>Compl\u00e9tez votre espace avec des \u00e9l\u00e9ments additionnels, tels qu&rsquo;un buffet de 240 cm avec \u00e9clairage LED et un meuble TV.<\/p>\n","protected":false},"featured_media":14573,"comment_status":"open","ping_status":"closed","template":"","meta":{"inline_featured_image":false},"pwb-brand":[426],"product_brand":[],"product_cat":[93,78],"product_tag":[],"class_list":{"0":"post-14570","1":"product","2":"type-product","3":"status-publish","4":"has-post-thumbnail","6":"pwb-brand-bauwens","7":"product_cat-ensemble-salle-a-manger","8":"product_cat-salle-a-manger","10":"first","11":"instock","12":"shipping-taxable","13":"product-type-simple"},"aioseo_notices":[],"brands":[{"id":426,"name":"Bauwens","slug":"bauwens"}],"_links":{"self":[{"href":"https:\/\/willyvastiau.be\/fr\/wp-json\/wp\/v2\/product\/14570","targetHints":{"allow":["GET"]}}],"collection":[{"href":"https:\/\/willyvastiau.be\/fr\/wp-json\/wp\/v2\/product"}],"about":[{"href":"https:\/\/willyvastiau.be\/fr\/wp-json\/wp\/v2\/types\/product"}],"replies":[{"embeddable":true,"href":"https:\/\/willyvastiau.be\/fr\/wp-json\/wp\/v2\/comments?post=14570"}],"wp:featuredmedia":[{"embeddable":true,"href":"https:\/\/willyvastiau.be\/fr\/wp-json\/wp\/v2\/media\/14573"}],"wp:attachment":[{"href":"https:\/\/willyvastiau.be\/fr\/wp-json\/wp\/v2\/media?parent=14570"}],"wp:term":[{"taxonomy":"pwb-brand","embeddable":true,"href":"https:\/\/willyvastiau.be\/fr\/wp-json\/wp\/v2\/pwb-brand?post=14570"},{"taxonomy":"product_brand","embeddable":true,"href":"https:\/\/willyvastiau.be\/fr\/wp-json\/wp\/v2\/product_brand?post=14570"},{"taxonomy":"product_cat","embeddable":true,"href":"https:\/\/willyvastiau.be\/fr\/wp-json\/wp\/v2\/product_cat?post=14570"},{"taxonomy":"product_tag","embeddable":true,"href":"https:\/\/willyvastiau.be\/fr\/wp-json\/wp\/v2\/product_tag?post=14570"}],"curies":[{"name":"wp","href":"https:\/\/api.w.org\/{rel}","templated":true}]}}