{"id":14594,"date":"2023-11-14T16:43:50","date_gmt":"2023-11-14T16:43:50","guid":{"rendered":"https:\/\/willyvastiau.be\/?post_type=product&#038;p=14594"},"modified":"2023-11-14T16:50:35","modified_gmt":"2023-11-14T16:50:35","slug":"salle-a-manger-onno","status":"publish","type":"product","link":"https:\/\/willyvastiau.be\/fr\/produit\/salle-a-manger-onno\/","title":{"rendered":"Salle \u00e0 manger Onno"},"content":{"rendered":"","protected":false},"excerpt":{"rendered":"<p>Le dressoir de 3 portes et 3 tiroirs offre un rangement pratique, tandis que le vaisselier contemporain \u00e0 2 portes et 4 \u00e9tag\u00e8res vous permet d&rsquo;exposer vos objets de d\u00e9coration et votre vaisselle.<\/p>\n<p>La robustesse est assur\u00e9e par la structure en panneaux de particules de haute qualit\u00e9 de cette salle \u00e0 manger \u00e0 la finition rustique, comprenant :<br \/>\n&#8211; Un dressoir de 225 cm avec 3 portes et 3 tiroirs.<br \/>\n&#8211; Une vitrine de 112\u00d7195 cm avec 2 portes, 1 tiroir et 4 niches vitr\u00e9es.<br \/>\n&#8211; Une table de 200 cm avec pieds en X.<br \/>\n&#8211; Quatre chaises.<\/p>\n<p>Options disponibles :<br \/>\n&#8211; Une table de 200 cm avec pieds en U.<br \/>\n&#8211; Un meuble TV de 157 cm.<br \/>\n&#8211; Une table basse de 130\u00d768 cm avec pieds en U.<br \/>\n&#8211; Une table basse de 130\u00d768 cm avec pieds en X.<\/p>\n","protected":false},"featured_media":14596,"comment_status":"open","ping_status":"closed","template":"","meta":{"inline_featured_image":false},"pwb-brand":[426],"product_brand":[],"product_cat":[93,78],"product_tag":[],"class_list":{"0":"post-14594","1":"product","2":"type-product","3":"status-publish","4":"has-post-thumbnail","6":"pwb-brand-bauwens","7":"product_cat-ensemble-salle-a-manger","8":"product_cat-salle-a-manger","10":"first","11":"instock","12":"shipping-taxable","13":"product-type-simple"},"aioseo_notices":[],"brands":[{"id":426,"name":"Bauwens","slug":"bauwens"}],"_links":{"self":[{"href":"https:\/\/willyvastiau.be\/fr\/wp-json\/wp\/v2\/product\/14594","targetHints":{"allow":["GET"]}}],"collection":[{"href":"https:\/\/willyvastiau.be\/fr\/wp-json\/wp\/v2\/product"}],"about":[{"href":"https:\/\/willyvastiau.be\/fr\/wp-json\/wp\/v2\/types\/product"}],"replies":[{"embeddable":true,"href":"https:\/\/willyvastiau.be\/fr\/wp-json\/wp\/v2\/comments?post=14594"}],"wp:featuredmedia":[{"embeddable":true,"href":"https:\/\/willyvastiau.be\/fr\/wp-json\/wp\/v2\/media\/14596"}],"wp:attachment":[{"href":"https:\/\/willyvastiau.be\/fr\/wp-json\/wp\/v2\/media?parent=14594"}],"wp:term":[{"taxonomy":"pwb-brand","embeddable":true,"href":"https:\/\/willyvastiau.be\/fr\/wp-json\/wp\/v2\/pwb-brand?post=14594"},{"taxonomy":"product_brand","embeddable":true,"href":"https:\/\/willyvastiau.be\/fr\/wp-json\/wp\/v2\/product_brand?post=14594"},{"taxonomy":"product_cat","embeddable":true,"href":"https:\/\/willyvastiau.be\/fr\/wp-json\/wp\/v2\/product_cat?post=14594"},{"taxonomy":"product_tag","embeddable":true,"href":"https:\/\/willyvastiau.be\/fr\/wp-json\/wp\/v2\/product_tag?post=14594"}],"curies":[{"name":"wp","href":"https:\/\/api.w.org\/{rel}","templated":true}]}}