{"id":14855,"date":"2023-11-15T15:11:24","date_gmt":"2023-11-15T15:11:24","guid":{"rendered":"https:\/\/willyvastiau.be\/?post_type=product&#038;p=14855"},"modified":"2026-01-14T11:45:31","modified_gmt":"2026-01-14T11:45:31","slug":"relax-levi","status":"publish","type":"product","link":"https:\/\/willyvastiau.be\/fr\/produit\/relax-levi\/","title":{"rendered":"Relax Levi Bauwens"},"content":{"rendered":"","protected":false},"excerpt":{"rendered":"<p>D\u00e9couvrez le fauteuil relax releveur Levi, une exp\u00e9rience de d\u00e9tente incomparable dans une microfibre brune luxueuse. Ses deux moteurs assurent un confort optimal, tandis que la t\u00eati\u00e8re r\u00e9glable permet une personnalisation parfaite de votre position. La fonction releveur offre une transition ais\u00e9e de l&rsquo;assise \u00e0 la position debout, id\u00e9ale pour tous. Avec son design sophistiqu\u00e9, ce fauteuil ajoute une touche d&rsquo;\u00e9l\u00e9gance \u00e0 votre int\u00e9rieur, offrant une exp\u00e9rience de relaxation exceptionnelle.<\/p>\n","protected":false},"featured_media":14858,"comment_status":"open","ping_status":"closed","template":"","meta":{"inline_featured_image":false},"pwb-brand":[426],"product_brand":[],"product_cat":[86,77],"product_tag":[],"class_list":{"0":"post-14855","1":"product","2":"type-product","3":"status-publish","4":"has-post-thumbnail","6":"pwb-brand-bauwens","7":"product_cat-relax","8":"product_cat-salon","10":"first","11":"instock","12":"shipping-taxable","13":"product-type-simple"},"aioseo_notices":[],"brands":[{"id":426,"name":"Bauwens","slug":"bauwens"}],"_links":{"self":[{"href":"https:\/\/willyvastiau.be\/fr\/wp-json\/wp\/v2\/product\/14855","targetHints":{"allow":["GET"]}}],"collection":[{"href":"https:\/\/willyvastiau.be\/fr\/wp-json\/wp\/v2\/product"}],"about":[{"href":"https:\/\/willyvastiau.be\/fr\/wp-json\/wp\/v2\/types\/product"}],"replies":[{"embeddable":true,"href":"https:\/\/willyvastiau.be\/fr\/wp-json\/wp\/v2\/comments?post=14855"}],"wp:featuredmedia":[{"embeddable":true,"href":"https:\/\/willyvastiau.be\/fr\/wp-json\/wp\/v2\/media\/14858"}],"wp:attachment":[{"href":"https:\/\/willyvastiau.be\/fr\/wp-json\/wp\/v2\/media?parent=14855"}],"wp:term":[{"taxonomy":"pwb-brand","embeddable":true,"href":"https:\/\/willyvastiau.be\/fr\/wp-json\/wp\/v2\/pwb-brand?post=14855"},{"taxonomy":"product_brand","embeddable":true,"href":"https:\/\/willyvastiau.be\/fr\/wp-json\/wp\/v2\/product_brand?post=14855"},{"taxonomy":"product_cat","embeddable":true,"href":"https:\/\/willyvastiau.be\/fr\/wp-json\/wp\/v2\/product_cat?post=14855"},{"taxonomy":"product_tag","embeddable":true,"href":"https:\/\/willyvastiau.be\/fr\/wp-json\/wp\/v2\/product_tag?post=14855"}],"curies":[{"name":"wp","href":"https:\/\/api.w.org\/{rel}","templated":true}]}}