{"id":15253,"date":"2023-11-17T10:01:34","date_gmt":"2023-11-17T10:01:34","guid":{"rendered":"https:\/\/willyvastiau.be\/?post_type=product&#038;p=15253"},"modified":"2023-11-17T10:13:00","modified_gmt":"2023-11-17T10:13:00","slug":"table-sl1803","status":"publish","type":"product","link":"https:\/\/willyvastiau.be\/fr\/produit\/table-sl1803\/","title":{"rendered":"Table SL1803"},"content":{"rendered":"","protected":false},"excerpt":{"rendered":"<p>La table de salon SL1803, au d\u00e9cor Dark Stone, est un \u00e9l\u00e9ment de la salle \u00e0 manger \u00e9l\u00e9gante Milo. Ces meubles, con\u00e7us en d\u00e9cor imitation ch\u00eane, s&rsquo;int\u00e8grent parfaitement dans tout int\u00e9rieur contemporain. La collection Milo offre une harmonie r\u00e9ussie entre le noir et le bois. Associez la table de salon aux autres pi\u00e8ces de la s\u00e9rie Milo pour une coh\u00e9rence stylistique.<\/p>\n","protected":false},"featured_media":15255,"comment_status":"open","ping_status":"closed","template":"","meta":{"inline_featured_image":false},"pwb-brand":[426],"product_brand":[],"product_cat":[77,90],"product_tag":[],"class_list":{"0":"post-15253","1":"product","2":"type-product","3":"status-publish","4":"has-post-thumbnail","6":"pwb-brand-bauwens","7":"product_cat-salon","8":"product_cat-table-basse","10":"first","11":"instock","12":"shipping-taxable","13":"product-type-simple"},"aioseo_notices":[],"brands":[{"id":426,"name":"Bauwens","slug":"bauwens"}],"_links":{"self":[{"href":"https:\/\/willyvastiau.be\/fr\/wp-json\/wp\/v2\/product\/15253","targetHints":{"allow":["GET"]}}],"collection":[{"href":"https:\/\/willyvastiau.be\/fr\/wp-json\/wp\/v2\/product"}],"about":[{"href":"https:\/\/willyvastiau.be\/fr\/wp-json\/wp\/v2\/types\/product"}],"replies":[{"embeddable":true,"href":"https:\/\/willyvastiau.be\/fr\/wp-json\/wp\/v2\/comments?post=15253"}],"wp:featuredmedia":[{"embeddable":true,"href":"https:\/\/willyvastiau.be\/fr\/wp-json\/wp\/v2\/media\/15255"}],"wp:attachment":[{"href":"https:\/\/willyvastiau.be\/fr\/wp-json\/wp\/v2\/media?parent=15253"}],"wp:term":[{"taxonomy":"pwb-brand","embeddable":true,"href":"https:\/\/willyvastiau.be\/fr\/wp-json\/wp\/v2\/pwb-brand?post=15253"},{"taxonomy":"product_brand","embeddable":true,"href":"https:\/\/willyvastiau.be\/fr\/wp-json\/wp\/v2\/product_brand?post=15253"},{"taxonomy":"product_cat","embeddable":true,"href":"https:\/\/willyvastiau.be\/fr\/wp-json\/wp\/v2\/product_cat?post=15253"},{"taxonomy":"product_tag","embeddable":true,"href":"https:\/\/willyvastiau.be\/fr\/wp-json\/wp\/v2\/product_tag?post=15253"}],"curies":[{"name":"wp","href":"https:\/\/api.w.org\/{rel}","templated":true}]}}