{"id":15287,"date":"2023-11-17T11:26:40","date_gmt":"2023-11-17T11:26:40","guid":{"rendered":"https:\/\/willyvastiau.be\/?post_type=product&#038;p=15287"},"modified":"2023-11-17T11:38:34","modified_gmt":"2023-11-17T11:38:34","slug":"table-sl2204","status":"publish","type":"product","link":"https:\/\/willyvastiau.be\/fr\/produit\/table-sl2204\/","title":{"rendered":"Table SL2204"},"content":{"rendered":"","protected":false},"excerpt":{"rendered":"<p>La table basse de la collection SACHA allie \u00e9l\u00e9gance et fonctionnalit\u00e9 pour sublimer votre salon. R\u00e9alis\u00e9e en d\u00e9cor ch\u00eane canyon et marbre, elle offre un mariage harmonieux de mat\u00e9riaux de haute qualit\u00e9. Dot\u00e9e d&rsquo;un tiroir pratique et d&rsquo;une niche, cette table de salon ajoute une dimension pratique \u00e0 son esth\u00e9tique sophistiqu\u00e9e. Les d\u00e9tails raffin\u00e9s et la finition soign\u00e9e font de cette pi\u00e8ce un \u00e9l\u00e9ment central de votre espace de vie, apportant une touche de design contemporain \u00e0 votre int\u00e9rieur.<\/p>\n","protected":false},"featured_media":15288,"comment_status":"open","ping_status":"closed","template":"","meta":{"inline_featured_image":false},"pwb-brand":[426],"product_brand":[],"product_cat":[77,90],"product_tag":[],"class_list":{"0":"post-15287","1":"product","2":"type-product","3":"status-publish","4":"has-post-thumbnail","6":"pwb-brand-bauwens","7":"product_cat-salon","8":"product_cat-table-basse","10":"first","11":"instock","12":"shipping-taxable","13":"product-type-simple"},"aioseo_notices":[],"brands":[{"id":426,"name":"Bauwens","slug":"bauwens"}],"_links":{"self":[{"href":"https:\/\/willyvastiau.be\/fr\/wp-json\/wp\/v2\/product\/15287","targetHints":{"allow":["GET"]}}],"collection":[{"href":"https:\/\/willyvastiau.be\/fr\/wp-json\/wp\/v2\/product"}],"about":[{"href":"https:\/\/willyvastiau.be\/fr\/wp-json\/wp\/v2\/types\/product"}],"replies":[{"embeddable":true,"href":"https:\/\/willyvastiau.be\/fr\/wp-json\/wp\/v2\/comments?post=15287"}],"wp:featuredmedia":[{"embeddable":true,"href":"https:\/\/willyvastiau.be\/fr\/wp-json\/wp\/v2\/media\/15288"}],"wp:attachment":[{"href":"https:\/\/willyvastiau.be\/fr\/wp-json\/wp\/v2\/media?parent=15287"}],"wp:term":[{"taxonomy":"pwb-brand","embeddable":true,"href":"https:\/\/willyvastiau.be\/fr\/wp-json\/wp\/v2\/pwb-brand?post=15287"},{"taxonomy":"product_brand","embeddable":true,"href":"https:\/\/willyvastiau.be\/fr\/wp-json\/wp\/v2\/product_brand?post=15287"},{"taxonomy":"product_cat","embeddable":true,"href":"https:\/\/willyvastiau.be\/fr\/wp-json\/wp\/v2\/product_cat?post=15287"},{"taxonomy":"product_tag","embeddable":true,"href":"https:\/\/willyvastiau.be\/fr\/wp-json\/wp\/v2\/product_tag?post=15287"}],"curies":[{"name":"wp","href":"https:\/\/api.w.org\/{rel}","templated":true}]}}