{"id":15299,"date":"2023-11-17T12:14:02","date_gmt":"2023-11-17T12:14:02","guid":{"rendered":"https:\/\/willyvastiau.be\/?post_type=product&#038;p=15299"},"modified":"2023-11-17T12:17:30","modified_gmt":"2023-11-17T12:17:30","slug":"table-tf1903","status":"publish","type":"product","link":"https:\/\/willyvastiau.be\/fr\/produit\/table-tf1903\/","title":{"rendered":"Table TF1903"},"content":{"rendered":"","protected":false},"excerpt":{"rendered":"<p>La table de salle \u00e0 manger exceptionnelle TF1903, dot\u00e9e d&rsquo;un plateau en c\u00e9ramique ultra tendance, incarne la fusion parfaite entre durabilit\u00e9, \u00e9l\u00e9gance et style. Les pieds de la table ajoutent une touche d&rsquo;\u00e9l\u00e9gance, cr\u00e9ant un caract\u00e8re distinct et raffin\u00e9. Optez pour la TF1903 pour une pi\u00e8ce ma\u00eetresse qui combine la fonctionnalit\u00e9 de haut niveau avec une esth\u00e9tique moderne et chic, apportant ainsi une ambiance unique \u00e0 votre salle \u00e0 manger.<\/p>\n","protected":false},"featured_media":15300,"comment_status":"open","ping_status":"closed","template":"","meta":{"inline_featured_image":false},"pwb-brand":[426],"product_brand":[],"product_cat":[78,94],"product_tag":[],"class_list":{"0":"post-15299","1":"product","2":"type-product","3":"status-publish","4":"has-post-thumbnail","6":"pwb-brand-bauwens","7":"product_cat-salle-a-manger","8":"product_cat-table","10":"first","11":"instock","12":"shipping-taxable","13":"product-type-simple"},"aioseo_notices":[],"brands":[{"id":426,"name":"Bauwens","slug":"bauwens"}],"_links":{"self":[{"href":"https:\/\/willyvastiau.be\/fr\/wp-json\/wp\/v2\/product\/15299","targetHints":{"allow":["GET"]}}],"collection":[{"href":"https:\/\/willyvastiau.be\/fr\/wp-json\/wp\/v2\/product"}],"about":[{"href":"https:\/\/willyvastiau.be\/fr\/wp-json\/wp\/v2\/types\/product"}],"replies":[{"embeddable":true,"href":"https:\/\/willyvastiau.be\/fr\/wp-json\/wp\/v2\/comments?post=15299"}],"wp:featuredmedia":[{"embeddable":true,"href":"https:\/\/willyvastiau.be\/fr\/wp-json\/wp\/v2\/media\/15300"}],"wp:attachment":[{"href":"https:\/\/willyvastiau.be\/fr\/wp-json\/wp\/v2\/media?parent=15299"}],"wp:term":[{"taxonomy":"pwb-brand","embeddable":true,"href":"https:\/\/willyvastiau.be\/fr\/wp-json\/wp\/v2\/pwb-brand?post=15299"},{"taxonomy":"product_brand","embeddable":true,"href":"https:\/\/willyvastiau.be\/fr\/wp-json\/wp\/v2\/product_brand?post=15299"},{"taxonomy":"product_cat","embeddable":true,"href":"https:\/\/willyvastiau.be\/fr\/wp-json\/wp\/v2\/product_cat?post=15299"},{"taxonomy":"product_tag","embeddable":true,"href":"https:\/\/willyvastiau.be\/fr\/wp-json\/wp\/v2\/product_tag?post=15299"}],"curies":[{"name":"wp","href":"https:\/\/api.w.org\/{rel}","templated":true}]}}