{"id":15302,"date":"2023-11-17T12:19:56","date_gmt":"2023-11-17T12:19:56","guid":{"rendered":"https:\/\/willyvastiau.be\/?post_type=product&#038;p=15302"},"modified":"2023-11-17T12:23:23","modified_gmt":"2023-11-17T12:23:23","slug":"table-tf1904","status":"publish","type":"product","link":"https:\/\/willyvastiau.be\/fr\/produit\/table-tf1904\/","title":{"rendered":"Table TF1904"},"content":{"rendered":"","protected":false},"excerpt":{"rendered":"<p>La table de salle \u00e0 manger exceptionnelle TF1904, avec son plateau en c\u00e9ramique anthracite ultra tendance, combine durabilit\u00e9, \u00e9l\u00e9gance et style de mani\u00e8re incomparable. Les pieds de la table ajoutent une touche d&rsquo;\u00e9l\u00e9gance, conf\u00e9rant \u00e0 l&rsquo;ensemble un caract\u00e8re distinct et raffin\u00e9. Gr\u00e2ce \u00e0 sa rallonge de 50 cm, la TF1904 offre une polyvalence accrue, vous permettant d&rsquo;accueillir confortablement plusieurs convives. Optez pour cette table pour une exp\u00e9rience culinaire alliant fonctionnalit\u00e9 sophistiqu\u00e9e et esth\u00e9tique contemporaine.<\/p>\n","protected":false},"featured_media":15305,"comment_status":"open","ping_status":"closed","template":"","meta":{"inline_featured_image":false},"pwb-brand":[426],"product_brand":[],"product_cat":[78,94],"product_tag":[],"class_list":{"0":"post-15302","1":"product","2":"type-product","3":"status-publish","4":"has-post-thumbnail","6":"pwb-brand-bauwens","7":"product_cat-salle-a-manger","8":"product_cat-table","10":"first","11":"instock","12":"shipping-taxable","13":"product-type-simple"},"aioseo_notices":[],"brands":[{"id":426,"name":"Bauwens","slug":"bauwens"}],"_links":{"self":[{"href":"https:\/\/willyvastiau.be\/fr\/wp-json\/wp\/v2\/product\/15302","targetHints":{"allow":["GET"]}}],"collection":[{"href":"https:\/\/willyvastiau.be\/fr\/wp-json\/wp\/v2\/product"}],"about":[{"href":"https:\/\/willyvastiau.be\/fr\/wp-json\/wp\/v2\/types\/product"}],"replies":[{"embeddable":true,"href":"https:\/\/willyvastiau.be\/fr\/wp-json\/wp\/v2\/comments?post=15302"}],"wp:featuredmedia":[{"embeddable":true,"href":"https:\/\/willyvastiau.be\/fr\/wp-json\/wp\/v2\/media\/15305"}],"wp:attachment":[{"href":"https:\/\/willyvastiau.be\/fr\/wp-json\/wp\/v2\/media?parent=15302"}],"wp:term":[{"taxonomy":"pwb-brand","embeddable":true,"href":"https:\/\/willyvastiau.be\/fr\/wp-json\/wp\/v2\/pwb-brand?post=15302"},{"taxonomy":"product_brand","embeddable":true,"href":"https:\/\/willyvastiau.be\/fr\/wp-json\/wp\/v2\/product_brand?post=15302"},{"taxonomy":"product_cat","embeddable":true,"href":"https:\/\/willyvastiau.be\/fr\/wp-json\/wp\/v2\/product_cat?post=15302"},{"taxonomy":"product_tag","embeddable":true,"href":"https:\/\/willyvastiau.be\/fr\/wp-json\/wp\/v2\/product_tag?post=15302"}],"curies":[{"name":"wp","href":"https:\/\/api.w.org\/{rel}","templated":true}]}}