{"id":15538,"date":"2023-11-22T15:38:48","date_gmt":"2023-11-22T15:38:48","guid":{"rendered":"https:\/\/willyvastiau.be\/?post_type=product&#038;p=15538"},"modified":"2023-11-23T13:46:26","modified_gmt":"2023-11-23T13:46:26","slug":"canape-dea","status":"publish","type":"product","link":"https:\/\/willyvastiau.be\/fr\/produit\/canape-dea\/","title":{"rendered":"Canap\u00e9 Dea"},"content":{"rendered":"","protected":false},"excerpt":{"rendered":"<p>Dea se pr\u00e9sente comme un canap\u00e9 modulaire offrant une libert\u00e9 maximale dans la composition, avec des \u00e9l\u00e9ments centraux et finaux individuels.<\/p>\n<p>La r\u00e9alisation du rev\u00eatement, marqu\u00e9 par des lignes arrondies et des d\u00e9tails raffin\u00e9s tels que le double drap\u00e9 ins\u00e9r\u00e9 dans la lin\u00e9arit\u00e9 du profil du dossier, conf\u00e8re \u00e0 ce canap\u00e9 une personnalit\u00e9 unique et une forme dynamique et contemporaine.<\/p>\n","protected":false},"featured_media":15539,"comment_status":"open","ping_status":"closed","template":"","meta":{"inline_featured_image":false},"pwb-brand":[576],"product_brand":[],"product_cat":[577,77],"product_tag":[],"class_list":{"0":"post-15538","1":"product","2":"type-product","3":"status-publish","4":"has-post-thumbnail","6":"pwb-brand-maxdivani","7":"product_cat-canape","8":"product_cat-salon","10":"first","11":"instock","12":"shipping-taxable","13":"product-type-simple"},"aioseo_notices":[],"brands":[{"id":576,"name":"MaxDivani","slug":"maxdivani"}],"_links":{"self":[{"href":"https:\/\/willyvastiau.be\/fr\/wp-json\/wp\/v2\/product\/15538","targetHints":{"allow":["GET"]}}],"collection":[{"href":"https:\/\/willyvastiau.be\/fr\/wp-json\/wp\/v2\/product"}],"about":[{"href":"https:\/\/willyvastiau.be\/fr\/wp-json\/wp\/v2\/types\/product"}],"replies":[{"embeddable":true,"href":"https:\/\/willyvastiau.be\/fr\/wp-json\/wp\/v2\/comments?post=15538"}],"wp:featuredmedia":[{"embeddable":true,"href":"https:\/\/willyvastiau.be\/fr\/wp-json\/wp\/v2\/media\/15539"}],"wp:attachment":[{"href":"https:\/\/willyvastiau.be\/fr\/wp-json\/wp\/v2\/media?parent=15538"}],"wp:term":[{"taxonomy":"pwb-brand","embeddable":true,"href":"https:\/\/willyvastiau.be\/fr\/wp-json\/wp\/v2\/pwb-brand?post=15538"},{"taxonomy":"product_brand","embeddable":true,"href":"https:\/\/willyvastiau.be\/fr\/wp-json\/wp\/v2\/product_brand?post=15538"},{"taxonomy":"product_cat","embeddable":true,"href":"https:\/\/willyvastiau.be\/fr\/wp-json\/wp\/v2\/product_cat?post=15538"},{"taxonomy":"product_tag","embeddable":true,"href":"https:\/\/willyvastiau.be\/fr\/wp-json\/wp\/v2\/product_tag?post=15538"}],"curies":[{"name":"wp","href":"https:\/\/api.w.org\/{rel}","templated":true}]}}