{"id":15581,"date":"2023-11-22T16:33:24","date_gmt":"2023-11-22T16:33:24","guid":{"rendered":"https:\/\/willyvastiau.be\/?post_type=product&#038;p=15581"},"modified":"2023-11-23T13:46:24","modified_gmt":"2023-11-23T13:46:24","slug":"canape-modula","status":"publish","type":"product","link":"https:\/\/willyvastiau.be\/fr\/produit\/canape-modula\/","title":{"rendered":"Canap\u00e9 Modula"},"content":{"rendered":"","protected":false},"excerpt":{"rendered":"<p>Le canap\u00e9 MODULA, dans sa version grand angle, incarne parfaitement la polyvalence et la dynamisme. Cette composition ing\u00e9nieuse r\u00e9sulte de l&rsquo;assemblage habile de diff\u00e9rents modules. Compos\u00e9 d&rsquo;un canap\u00e9 deux places associ\u00e9 \u00e0 deux chaises longues dispos\u00e9es pour former un angle droit, le mod\u00e8le est \u00e9l\u00e9gamment encadr\u00e9 par deux accoudoirs, mettant en valeur la couture du matelassage horizontal. La table basse fonctionnelle en noyer d&rsquo;Am\u00e9rique, int\u00e9gr\u00e9e \u00e0 la composition, ajoute une touche pratique \u00e0 cet ensemble. Chaque si\u00e8ge est \u00e9quip\u00e9 d&rsquo;un appui-t\u00eate inclinable et d&rsquo;un m\u00e9canisme de translation, offrant la possibilit\u00e9 d&rsquo;ajuster la profondeur du si\u00e8ge pour un confort optimal. Vous avez le choix entre un rev\u00eatement en cuir ou en tissu, ainsi que cinq finitions diff\u00e9rentes pour les pieds, faisant du canap\u00e9 MODULA la pi\u00e8ce ma\u00eetresse incontest\u00e9e de votre espace de vie.<\/p>\n","protected":false},"featured_media":15582,"comment_status":"open","ping_status":"closed","template":"","meta":{"inline_featured_image":false},"pwb-brand":[576],"product_brand":[],"product_cat":[577,77],"product_tag":[],"class_list":{"0":"post-15581","1":"product","2":"type-product","3":"status-publish","4":"has-post-thumbnail","6":"pwb-brand-maxdivani","7":"product_cat-canape","8":"product_cat-salon","10":"first","11":"instock","12":"shipping-taxable","13":"product-type-simple"},"aioseo_notices":[],"brands":[{"id":576,"name":"MaxDivani","slug":"maxdivani"}],"_links":{"self":[{"href":"https:\/\/willyvastiau.be\/fr\/wp-json\/wp\/v2\/product\/15581","targetHints":{"allow":["GET"]}}],"collection":[{"href":"https:\/\/willyvastiau.be\/fr\/wp-json\/wp\/v2\/product"}],"about":[{"href":"https:\/\/willyvastiau.be\/fr\/wp-json\/wp\/v2\/types\/product"}],"replies":[{"embeddable":true,"href":"https:\/\/willyvastiau.be\/fr\/wp-json\/wp\/v2\/comments?post=15581"}],"wp:featuredmedia":[{"embeddable":true,"href":"https:\/\/willyvastiau.be\/fr\/wp-json\/wp\/v2\/media\/15582"}],"wp:attachment":[{"href":"https:\/\/willyvastiau.be\/fr\/wp-json\/wp\/v2\/media?parent=15581"}],"wp:term":[{"taxonomy":"pwb-brand","embeddable":true,"href":"https:\/\/willyvastiau.be\/fr\/wp-json\/wp\/v2\/pwb-brand?post=15581"},{"taxonomy":"product_brand","embeddable":true,"href":"https:\/\/willyvastiau.be\/fr\/wp-json\/wp\/v2\/product_brand?post=15581"},{"taxonomy":"product_cat","embeddable":true,"href":"https:\/\/willyvastiau.be\/fr\/wp-json\/wp\/v2\/product_cat?post=15581"},{"taxonomy":"product_tag","embeddable":true,"href":"https:\/\/willyvastiau.be\/fr\/wp-json\/wp\/v2\/product_tag?post=15581"}],"curies":[{"name":"wp","href":"https:\/\/api.w.org\/{rel}","templated":true}]}}