{"id":15584,"date":"2023-11-22T16:35:05","date_gmt":"2023-11-22T16:35:05","guid":{"rendered":"https:\/\/willyvastiau.be\/?post_type=product&#038;p=15584"},"modified":"2023-11-23T13:46:24","modified_gmt":"2023-11-23T13:46:24","slug":"canape-sipario","status":"publish","type":"product","link":"https:\/\/willyvastiau.be\/fr\/produit\/canape-sipario\/","title":{"rendered":"Canap\u00e9 Sipario"},"content":{"rendered":"","protected":false},"excerpt":{"rendered":"<p>Le canap\u00e9 d&rsquo;angle Sipario allie un design raffin\u00e9 et une atmosph\u00e8re chaleureuse. Sa structure en bois au profil courbe abrite des assises, tandis que les coussins d\u00e9tach\u00e9s en plume d&rsquo;oie conf\u00e8rent au dossier une dynamique expressive. Disponible avec des rev\u00eatements en tissu ou en cuir, ce canap\u00e9, pr\u00e9sent\u00e9 ici dans une nuance de blanc glac\u00e9 \u00e9l\u00e9gante, peut \u00eatre personnalis\u00e9 avec un passepoil contrast\u00e9 et des pieds d\u00e9clin\u00e9s en quatre finitions distinctes.<\/p>\n","protected":false},"featured_media":15585,"comment_status":"open","ping_status":"closed","template":"","meta":{"inline_featured_image":false},"pwb-brand":[576],"product_brand":[],"product_cat":[577,77],"product_tag":[],"class_list":{"0":"post-15584","1":"product","2":"type-product","3":"status-publish","4":"has-post-thumbnail","6":"pwb-brand-maxdivani","7":"product_cat-canape","8":"product_cat-salon","10":"first","11":"instock","12":"shipping-taxable","13":"product-type-simple"},"aioseo_notices":[],"brands":[{"id":576,"name":"MaxDivani","slug":"maxdivani"}],"_links":{"self":[{"href":"https:\/\/willyvastiau.be\/fr\/wp-json\/wp\/v2\/product\/15584","targetHints":{"allow":["GET"]}}],"collection":[{"href":"https:\/\/willyvastiau.be\/fr\/wp-json\/wp\/v2\/product"}],"about":[{"href":"https:\/\/willyvastiau.be\/fr\/wp-json\/wp\/v2\/types\/product"}],"replies":[{"embeddable":true,"href":"https:\/\/willyvastiau.be\/fr\/wp-json\/wp\/v2\/comments?post=15584"}],"wp:featuredmedia":[{"embeddable":true,"href":"https:\/\/willyvastiau.be\/fr\/wp-json\/wp\/v2\/media\/15585"}],"wp:attachment":[{"href":"https:\/\/willyvastiau.be\/fr\/wp-json\/wp\/v2\/media?parent=15584"}],"wp:term":[{"taxonomy":"pwb-brand","embeddable":true,"href":"https:\/\/willyvastiau.be\/fr\/wp-json\/wp\/v2\/pwb-brand?post=15584"},{"taxonomy":"product_brand","embeddable":true,"href":"https:\/\/willyvastiau.be\/fr\/wp-json\/wp\/v2\/product_brand?post=15584"},{"taxonomy":"product_cat","embeddable":true,"href":"https:\/\/willyvastiau.be\/fr\/wp-json\/wp\/v2\/product_cat?post=15584"},{"taxonomy":"product_tag","embeddable":true,"href":"https:\/\/willyvastiau.be\/fr\/wp-json\/wp\/v2\/product_tag?post=15584"}],"curies":[{"name":"wp","href":"https:\/\/api.w.org\/{rel}","templated":true}]}}