{"id":15653,"date":"2023-11-23T13:53:20","date_gmt":"2023-11-23T13:53:20","guid":{"rendered":"https:\/\/willyvastiau.be\/?post_type=product&#038;p=15653"},"modified":"2023-11-23T13:55:21","modified_gmt":"2023-11-23T13:55:21","slug":"canape-relax-speciale","status":"publish","type":"product","link":"https:\/\/willyvastiau.be\/fr\/produit\/canape-relax-speciale\/","title":{"rendered":"Canap\u00e9 Relax Speciale"},"content":{"rendered":"","protected":false},"excerpt":{"rendered":"<p>Con\u00e7u pour offrir une exp\u00e9rience de confort m\u00e9morable, le mod\u00e8le modulable Speciale est \u00e9quip\u00e9 d&rsquo;un double m\u00e9canisme inclinable dans chaque fauteuil, pr\u00e9sent \u00e0 la fois dans le repose-pied et le dossier. Ce m\u00e9canisme peut \u00eatre actionn\u00e9 simultan\u00e9ment en un seul geste, que ce soit via une commande \u00e9lectrique ou manuelle.<\/p>\n<p>Entre chaque fauteuil, caract\u00e9ris\u00e9 par des accoudoirs enveloppants et des coutures \u00ab\u00a0tir\u00e9es\u00a0\u00bb sur l&rsquo;assise et le dossier, il est possible d&rsquo;ajouter des \u00e9l\u00e9ments de raccord tels que de petites tables fonctionnelles avec un plateau en noyer canaletto.<\/p>\n","protected":false},"featured_media":15654,"comment_status":"open","ping_status":"closed","template":"","meta":{"inline_featured_image":false},"pwb-brand":[576],"product_brand":[],"product_cat":[579,77],"product_tag":[],"class_list":{"0":"post-15653","1":"product","2":"type-product","3":"status-publish","4":"has-post-thumbnail","6":"pwb-brand-maxdivani","7":"product_cat-canape-relax","8":"product_cat-salon","10":"first","11":"instock","12":"shipping-taxable","13":"product-type-simple"},"aioseo_notices":[],"brands":[{"id":576,"name":"MaxDivani","slug":"maxdivani"}],"_links":{"self":[{"href":"https:\/\/willyvastiau.be\/fr\/wp-json\/wp\/v2\/product\/15653","targetHints":{"allow":["GET"]}}],"collection":[{"href":"https:\/\/willyvastiau.be\/fr\/wp-json\/wp\/v2\/product"}],"about":[{"href":"https:\/\/willyvastiau.be\/fr\/wp-json\/wp\/v2\/types\/product"}],"replies":[{"embeddable":true,"href":"https:\/\/willyvastiau.be\/fr\/wp-json\/wp\/v2\/comments?post=15653"}],"wp:featuredmedia":[{"embeddable":true,"href":"https:\/\/willyvastiau.be\/fr\/wp-json\/wp\/v2\/media\/15654"}],"wp:attachment":[{"href":"https:\/\/willyvastiau.be\/fr\/wp-json\/wp\/v2\/media?parent=15653"}],"wp:term":[{"taxonomy":"pwb-brand","embeddable":true,"href":"https:\/\/willyvastiau.be\/fr\/wp-json\/wp\/v2\/pwb-brand?post=15653"},{"taxonomy":"product_brand","embeddable":true,"href":"https:\/\/willyvastiau.be\/fr\/wp-json\/wp\/v2\/product_brand?post=15653"},{"taxonomy":"product_cat","embeddable":true,"href":"https:\/\/willyvastiau.be\/fr\/wp-json\/wp\/v2\/product_cat?post=15653"},{"taxonomy":"product_tag","embeddable":true,"href":"https:\/\/willyvastiau.be\/fr\/wp-json\/wp\/v2\/product_tag?post=15653"}],"curies":[{"name":"wp","href":"https:\/\/api.w.org\/{rel}","templated":true}]}}