{"id":15675,"date":"2023-11-23T14:17:21","date_gmt":"2023-11-23T14:17:21","guid":{"rendered":"https:\/\/willyvastiau.be\/?post_type=product&#038;p=15675"},"modified":"2023-11-23T14:21:22","modified_gmt":"2023-11-23T14:21:22","slug":"canape-relax-odeon","status":"publish","type":"product","link":"https:\/\/willyvastiau.be\/fr\/produit\/canape-relax-odeon\/","title":{"rendered":"Canap\u00e9 Relax Odeon"},"content":{"rendered":"","protected":false},"excerpt":{"rendered":"<p>Con\u00e7u comme une s\u00e9rie de fauteuils spacieux, le mod\u00e8le modulaire ODEON est le canap\u00e9 parfait pour am\u00e9liorer l&rsquo;exp\u00e9rience du home cin\u00e9ma et les moments de d\u00e9tente. Les \u00e9l\u00e9ments de liaison trap\u00e9zo\u00efdaux, l&rsquo;\u00e9tag\u00e8re en noyer d&rsquo;Am\u00e9rique avec port USB et porte-gobelets ajoutent une touche unique \u00e0 la composition.<\/p>\n<p>Chaque fauteuil est \u00e9quip\u00e9 d&rsquo;un double m\u00e9canisme d&rsquo;inclinaison (repose-pieds et appui-t\u00eate) pour un confort optimal, actionnable par une commande manuelle \u00e9lectrique. Rev\u00eatu de cuir naturel gris anthracite de haute qualit\u00e9, ce mod\u00e8le peut \u00eatre personnalis\u00e9 avec des surpiq\u00fbres et des pieds contrast\u00e9s disponibles en quatre finitions.<\/p>\n","protected":false},"featured_media":15676,"comment_status":"open","ping_status":"closed","template":"","meta":{"inline_featured_image":false},"pwb-brand":[576],"product_brand":[],"product_cat":[579,77],"product_tag":[],"class_list":{"0":"post-15675","1":"product","2":"type-product","3":"status-publish","4":"has-post-thumbnail","6":"pwb-brand-maxdivani","7":"product_cat-canape-relax","8":"product_cat-salon","10":"first","11":"instock","12":"shipping-taxable","13":"product-type-simple"},"aioseo_notices":[],"brands":[{"id":576,"name":"MaxDivani","slug":"maxdivani"}],"_links":{"self":[{"href":"https:\/\/willyvastiau.be\/fr\/wp-json\/wp\/v2\/product\/15675","targetHints":{"allow":["GET"]}}],"collection":[{"href":"https:\/\/willyvastiau.be\/fr\/wp-json\/wp\/v2\/product"}],"about":[{"href":"https:\/\/willyvastiau.be\/fr\/wp-json\/wp\/v2\/types\/product"}],"replies":[{"embeddable":true,"href":"https:\/\/willyvastiau.be\/fr\/wp-json\/wp\/v2\/comments?post=15675"}],"wp:featuredmedia":[{"embeddable":true,"href":"https:\/\/willyvastiau.be\/fr\/wp-json\/wp\/v2\/media\/15676"}],"wp:attachment":[{"href":"https:\/\/willyvastiau.be\/fr\/wp-json\/wp\/v2\/media?parent=15675"}],"wp:term":[{"taxonomy":"pwb-brand","embeddable":true,"href":"https:\/\/willyvastiau.be\/fr\/wp-json\/wp\/v2\/pwb-brand?post=15675"},{"taxonomy":"product_brand","embeddable":true,"href":"https:\/\/willyvastiau.be\/fr\/wp-json\/wp\/v2\/product_brand?post=15675"},{"taxonomy":"product_cat","embeddable":true,"href":"https:\/\/willyvastiau.be\/fr\/wp-json\/wp\/v2\/product_cat?post=15675"},{"taxonomy":"product_tag","embeddable":true,"href":"https:\/\/willyvastiau.be\/fr\/wp-json\/wp\/v2\/product_tag?post=15675"}],"curies":[{"name":"wp","href":"https:\/\/api.w.org\/{rel}","templated":true}]}}