{"id":15754,"date":"2023-11-23T15:27:59","date_gmt":"2023-11-23T15:27:59","guid":{"rendered":"https:\/\/willyvastiau.be\/?post_type=product&#038;p=15754"},"modified":"2023-11-23T15:29:44","modified_gmt":"2023-11-23T15:29:44","slug":"fauteuil-perla","status":"publish","type":"product","link":"https:\/\/willyvastiau.be\/fr\/produit\/fauteuil-perla\/","title":{"rendered":"Fauteuil Perla"},"content":{"rendered":"","protected":false},"excerpt":{"rendered":"<p>Perla incarne l&rsquo;\u00e9l\u00e9gance et le confort dans un design accueillant avec son dossier arrondi \u00e9voquant la d\u00e9licatesse d&rsquo;un coquillage. Le rev\u00eatement se distingue par des surpiq\u00fbres verticales et des bordures qui d\u00e9finissent son profil, ajoutant une touche d&rsquo;\u00e9l\u00e9gance d\u00e9contract\u00e9e. Ce si\u00e8ge offre non seulement une esth\u00e9tique raffin\u00e9e, mais aussi une exp\u00e9rience de confort enveloppante.<\/p>\n","protected":false},"featured_media":15742,"comment_status":"open","ping_status":"closed","template":"","meta":{"inline_featured_image":false},"pwb-brand":[576],"product_brand":[],"product_cat":[87,77],"product_tag":[],"class_list":{"0":"post-15754","1":"product","2":"type-product","3":"status-publish","4":"has-post-thumbnail","6":"pwb-brand-maxdivani","7":"product_cat-fauteuil","8":"product_cat-salon","10":"first","11":"instock","12":"shipping-taxable","13":"product-type-simple"},"aioseo_notices":[],"brands":[{"id":576,"name":"MaxDivani","slug":"maxdivani"}],"_links":{"self":[{"href":"https:\/\/willyvastiau.be\/fr\/wp-json\/wp\/v2\/product\/15754","targetHints":{"allow":["GET"]}}],"collection":[{"href":"https:\/\/willyvastiau.be\/fr\/wp-json\/wp\/v2\/product"}],"about":[{"href":"https:\/\/willyvastiau.be\/fr\/wp-json\/wp\/v2\/types\/product"}],"replies":[{"embeddable":true,"href":"https:\/\/willyvastiau.be\/fr\/wp-json\/wp\/v2\/comments?post=15754"}],"wp:featuredmedia":[{"embeddable":true,"href":"https:\/\/willyvastiau.be\/fr\/wp-json\/wp\/v2\/media\/15742"}],"wp:attachment":[{"href":"https:\/\/willyvastiau.be\/fr\/wp-json\/wp\/v2\/media?parent=15754"}],"wp:term":[{"taxonomy":"pwb-brand","embeddable":true,"href":"https:\/\/willyvastiau.be\/fr\/wp-json\/wp\/v2\/pwb-brand?post=15754"},{"taxonomy":"product_brand","embeddable":true,"href":"https:\/\/willyvastiau.be\/fr\/wp-json\/wp\/v2\/product_brand?post=15754"},{"taxonomy":"product_cat","embeddable":true,"href":"https:\/\/willyvastiau.be\/fr\/wp-json\/wp\/v2\/product_cat?post=15754"},{"taxonomy":"product_tag","embeddable":true,"href":"https:\/\/willyvastiau.be\/fr\/wp-json\/wp\/v2\/product_tag?post=15754"}],"curies":[{"name":"wp","href":"https:\/\/api.w.org\/{rel}","templated":true}]}}