{"id":15769,"date":"2023-11-23T16:25:05","date_gmt":"2023-11-23T16:25:05","guid":{"rendered":"https:\/\/willyvastiau.be\/?post_type=product&#038;p=15769"},"modified":"2023-11-23T16:33:50","modified_gmt":"2023-11-23T16:33:50","slug":"fauteuil-regina","status":"publish","type":"product","link":"https:\/\/willyvastiau.be\/fr\/produit\/fauteuil-regina\/","title":{"rendered":"Fauteuil Regina"},"content":{"rendered":"","protected":false},"excerpt":{"rendered":"<p>Adapt\u00e9 au bureau et \u00e9l\u00e9gant dans un salon, le fauteuil REGINA incarne la fusion id\u00e9ale entre la tradition exceptionnelle du Made in Italy et une \u00e9volution constante ax\u00e9e sur l&rsquo;innovation technologique et la recherche des mat\u00e9riaux.<\/p>\n<p>Dot\u00e9 d&rsquo;un double rev\u00eatement qui marie le cuir des accoudoirs au tissu de l&rsquo;assise et du dossier, REGINA est propos\u00e9 en version fixe avec des pieds en acier, ainsi qu&rsquo;en version pivotante avec un pi\u00e8tement tournant. Une synth\u00e8se harmonieuse entre le raffinement traditionnel et la modernit\u00e9 fonctionnelle.<\/p>\n","protected":false},"featured_media":15744,"comment_status":"open","ping_status":"closed","template":"","meta":{"inline_featured_image":false},"pwb-brand":[576],"product_brand":[],"product_cat":[87,77],"product_tag":[],"class_list":{"0":"post-15769","1":"product","2":"type-product","3":"status-publish","4":"has-post-thumbnail","6":"pwb-brand-maxdivani","7":"product_cat-fauteuil","8":"product_cat-salon","10":"first","11":"instock","12":"shipping-taxable","13":"product-type-simple"},"aioseo_notices":[],"brands":[{"id":576,"name":"MaxDivani","slug":"maxdivani"}],"_links":{"self":[{"href":"https:\/\/willyvastiau.be\/fr\/wp-json\/wp\/v2\/product\/15769","targetHints":{"allow":["GET"]}}],"collection":[{"href":"https:\/\/willyvastiau.be\/fr\/wp-json\/wp\/v2\/product"}],"about":[{"href":"https:\/\/willyvastiau.be\/fr\/wp-json\/wp\/v2\/types\/product"}],"replies":[{"embeddable":true,"href":"https:\/\/willyvastiau.be\/fr\/wp-json\/wp\/v2\/comments?post=15769"}],"wp:featuredmedia":[{"embeddable":true,"href":"https:\/\/willyvastiau.be\/fr\/wp-json\/wp\/v2\/media\/15744"}],"wp:attachment":[{"href":"https:\/\/willyvastiau.be\/fr\/wp-json\/wp\/v2\/media?parent=15769"}],"wp:term":[{"taxonomy":"pwb-brand","embeddable":true,"href":"https:\/\/willyvastiau.be\/fr\/wp-json\/wp\/v2\/pwb-brand?post=15769"},{"taxonomy":"product_brand","embeddable":true,"href":"https:\/\/willyvastiau.be\/fr\/wp-json\/wp\/v2\/product_brand?post=15769"},{"taxonomy":"product_cat","embeddable":true,"href":"https:\/\/willyvastiau.be\/fr\/wp-json\/wp\/v2\/product_cat?post=15769"},{"taxonomy":"product_tag","embeddable":true,"href":"https:\/\/willyvastiau.be\/fr\/wp-json\/wp\/v2\/product_tag?post=15769"}],"curies":[{"name":"wp","href":"https:\/\/api.w.org\/{rel}","templated":true}]}}