{"id":15773,"date":"2023-11-23T16:41:20","date_gmt":"2023-11-23T16:41:20","guid":{"rendered":"https:\/\/willyvastiau.be\/?post_type=product&#038;p=15773"},"modified":"2023-11-23T16:45:36","modified_gmt":"2023-11-23T16:45:36","slug":"fauteuil-dalia","status":"publish","type":"product","link":"https:\/\/willyvastiau.be\/fr\/produit\/fauteuil-dalia\/","title":{"rendered":"Fauteuil Dalia"},"content":{"rendered":"","protected":false},"excerpt":{"rendered":"<p>Aussi enveloppant qu&rsquo;une \u00e9treinte, le fauteuil DALIA, avec son design en crapaud et son dossier matelass\u00e9, est id\u00e9alement dimensionn\u00e9 pour un moment de d\u00e9tente, peut-\u00eatre en compagnie d&rsquo;un bon livre. Incarnant un style r\u00e9solument contemporain, il repose sur des pieds m\u00e9talliques robustes qui lui apportent une touche d&rsquo;\u00e9l\u00e9gance et de l\u00e9g\u00e8ret\u00e9.<\/p>\n","protected":false},"featured_media":15736,"comment_status":"open","ping_status":"closed","template":"","meta":{"inline_featured_image":false},"pwb-brand":[576],"product_brand":[],"product_cat":[87,77],"product_tag":[],"class_list":{"0":"post-15773","1":"product","2":"type-product","3":"status-publish","4":"has-post-thumbnail","6":"pwb-brand-maxdivani","7":"product_cat-fauteuil","8":"product_cat-salon","10":"first","11":"instock","12":"shipping-taxable","13":"product-type-simple"},"aioseo_notices":[],"brands":[{"id":576,"name":"MaxDivani","slug":"maxdivani"}],"_links":{"self":[{"href":"https:\/\/willyvastiau.be\/fr\/wp-json\/wp\/v2\/product\/15773","targetHints":{"allow":["GET"]}}],"collection":[{"href":"https:\/\/willyvastiau.be\/fr\/wp-json\/wp\/v2\/product"}],"about":[{"href":"https:\/\/willyvastiau.be\/fr\/wp-json\/wp\/v2\/types\/product"}],"replies":[{"embeddable":true,"href":"https:\/\/willyvastiau.be\/fr\/wp-json\/wp\/v2\/comments?post=15773"}],"wp:featuredmedia":[{"embeddable":true,"href":"https:\/\/willyvastiau.be\/fr\/wp-json\/wp\/v2\/media\/15736"}],"wp:attachment":[{"href":"https:\/\/willyvastiau.be\/fr\/wp-json\/wp\/v2\/media?parent=15773"}],"wp:term":[{"taxonomy":"pwb-brand","embeddable":true,"href":"https:\/\/willyvastiau.be\/fr\/wp-json\/wp\/v2\/pwb-brand?post=15773"},{"taxonomy":"product_brand","embeddable":true,"href":"https:\/\/willyvastiau.be\/fr\/wp-json\/wp\/v2\/product_brand?post=15773"},{"taxonomy":"product_cat","embeddable":true,"href":"https:\/\/willyvastiau.be\/fr\/wp-json\/wp\/v2\/product_cat?post=15773"},{"taxonomy":"product_tag","embeddable":true,"href":"https:\/\/willyvastiau.be\/fr\/wp-json\/wp\/v2\/product_tag?post=15773"}],"curies":[{"name":"wp","href":"https:\/\/api.w.org\/{rel}","templated":true}]}}