{"id":15775,"date":"2023-11-24T09:59:29","date_gmt":"2023-11-24T09:59:29","guid":{"rendered":"https:\/\/willyvastiau.be\/?post_type=product&#038;p=15775"},"modified":"2023-11-24T09:59:29","modified_gmt":"2023-11-24T09:59:29","slug":"canape-alps","status":"publish","type":"product","link":"https:\/\/willyvastiau.be\/fr\/produit\/canape-alps\/","title":{"rendered":"Canap\u00e9 Alps"},"content":{"rendered":"","protected":false},"excerpt":{"rendered":"<p>ALPS, un spacieux canap\u00e9 modulable, se distingue par ses d\u00e9tails \u00e9pais, son assise profonde et son dossier bas. Les pieds larges, l\u00e9g\u00e8rement \u00e9lev\u00e9s du sol au canap\u00e9, ajoutent une touche distinctive. Invitant \u00e0 la d\u00e9tente, ALPS offre un confort extra rembourr\u00e9 sous tous les angles.<\/p>\n","protected":false},"featured_media":15776,"comment_status":"open","ping_status":"closed","template":"","meta":{"inline_featured_image":false},"pwb-brand":[583],"product_brand":[],"product_cat":[577,77],"product_tag":[],"class_list":{"0":"post-15775","1":"product","2":"type-product","3":"status-publish","4":"has-post-thumbnail","6":"pwb-brand-vilmers","7":"product_cat-canape","8":"product_cat-salon","10":"first","11":"instock","12":"shipping-taxable","13":"product-type-simple"},"aioseo_notices":[],"brands":[{"id":583,"name":"Vilmers","slug":"vilmers"}],"_links":{"self":[{"href":"https:\/\/willyvastiau.be\/fr\/wp-json\/wp\/v2\/product\/15775","targetHints":{"allow":["GET"]}}],"collection":[{"href":"https:\/\/willyvastiau.be\/fr\/wp-json\/wp\/v2\/product"}],"about":[{"href":"https:\/\/willyvastiau.be\/fr\/wp-json\/wp\/v2\/types\/product"}],"replies":[{"embeddable":true,"href":"https:\/\/willyvastiau.be\/fr\/wp-json\/wp\/v2\/comments?post=15775"}],"wp:featuredmedia":[{"embeddable":true,"href":"https:\/\/willyvastiau.be\/fr\/wp-json\/wp\/v2\/media\/15776"}],"wp:attachment":[{"href":"https:\/\/willyvastiau.be\/fr\/wp-json\/wp\/v2\/media?parent=15775"}],"wp:term":[{"taxonomy":"pwb-brand","embeddable":true,"href":"https:\/\/willyvastiau.be\/fr\/wp-json\/wp\/v2\/pwb-brand?post=15775"},{"taxonomy":"product_brand","embeddable":true,"href":"https:\/\/willyvastiau.be\/fr\/wp-json\/wp\/v2\/product_brand?post=15775"},{"taxonomy":"product_cat","embeddable":true,"href":"https:\/\/willyvastiau.be\/fr\/wp-json\/wp\/v2\/product_cat?post=15775"},{"taxonomy":"product_tag","embeddable":true,"href":"https:\/\/willyvastiau.be\/fr\/wp-json\/wp\/v2\/product_tag?post=15775"}],"curies":[{"name":"wp","href":"https:\/\/api.w.org\/{rel}","templated":true}]}}