{"id":15891,"date":"2023-11-24T11:58:54","date_gmt":"2023-11-24T11:58:54","guid":{"rendered":"https:\/\/willyvastiau.be\/?post_type=product&#038;p=15891"},"modified":"2023-11-24T12:03:54","modified_gmt":"2023-11-24T12:03:54","slug":"canape-lala","status":"publish","type":"product","link":"https:\/\/willyvastiau.be\/fr\/produit\/canape-lala\/","title":{"rendered":"Fauteuil Lala"},"content":{"rendered":"","protected":false},"excerpt":{"rendered":"<p>Lala, le nouveau membre de la famille Moome, est une cr\u00e9ation du studio prim\u00e9 Yonoh. Ce fauteuil et son pouf assorti ont \u00e9t\u00e9 pens\u00e9s pour offrir une exp\u00e9rience de d\u00e9tente in\u00e9gal\u00e9e. Que vous souhaitiez faire une sieste, d\u00e9guster un caf\u00e9 ou lire un livre, LALA vous enveloppe de confort. Son design arrondi et accueillant invite \u00e0 se lover dans ce fauteuil une place remarquable, faisant de lui un objet id\u00e9al pour captiver l&rsquo;attention et sublimer votre int\u00e9rieur.<\/p>\n","protected":false},"featured_media":15870,"comment_status":"open","ping_status":"closed","template":"","meta":{"inline_featured_image":false},"pwb-brand":[584],"product_brand":[],"product_cat":[87,77],"product_tag":[],"class_list":{"0":"post-15891","1":"product","2":"type-product","3":"status-publish","4":"has-post-thumbnail","6":"pwb-brand-moome","7":"product_cat-fauteuil","8":"product_cat-salon","10":"first","11":"instock","12":"shipping-taxable","13":"product-type-simple"},"aioseo_notices":[],"brands":[{"id":584,"name":"Moome","slug":"moome"}],"_links":{"self":[{"href":"https:\/\/willyvastiau.be\/fr\/wp-json\/wp\/v2\/product\/15891","targetHints":{"allow":["GET"]}}],"collection":[{"href":"https:\/\/willyvastiau.be\/fr\/wp-json\/wp\/v2\/product"}],"about":[{"href":"https:\/\/willyvastiau.be\/fr\/wp-json\/wp\/v2\/types\/product"}],"replies":[{"embeddable":true,"href":"https:\/\/willyvastiau.be\/fr\/wp-json\/wp\/v2\/comments?post=15891"}],"wp:featuredmedia":[{"embeddable":true,"href":"https:\/\/willyvastiau.be\/fr\/wp-json\/wp\/v2\/media\/15870"}],"wp:attachment":[{"href":"https:\/\/willyvastiau.be\/fr\/wp-json\/wp\/v2\/media?parent=15891"}],"wp:term":[{"taxonomy":"pwb-brand","embeddable":true,"href":"https:\/\/willyvastiau.be\/fr\/wp-json\/wp\/v2\/pwb-brand?post=15891"},{"taxonomy":"product_brand","embeddable":true,"href":"https:\/\/willyvastiau.be\/fr\/wp-json\/wp\/v2\/product_brand?post=15891"},{"taxonomy":"product_cat","embeddable":true,"href":"https:\/\/willyvastiau.be\/fr\/wp-json\/wp\/v2\/product_cat?post=15891"},{"taxonomy":"product_tag","embeddable":true,"href":"https:\/\/willyvastiau.be\/fr\/wp-json\/wp\/v2\/product_tag?post=15891"}],"curies":[{"name":"wp","href":"https:\/\/api.w.org\/{rel}","templated":true}]}}