{"id":15898,"date":"2023-11-24T12:26:41","date_gmt":"2023-11-24T12:26:41","guid":{"rendered":"https:\/\/willyvastiau.be\/?post_type=product&#038;p=15898"},"modified":"2023-11-24T12:29:45","modified_gmt":"2023-11-24T12:29:45","slug":"canape-lou","status":"publish","type":"product","link":"https:\/\/willyvastiau.be\/fr\/produit\/canape-lou\/","title":{"rendered":"Canap\u00e9 Lou"},"content":{"rendered":"","protected":false},"excerpt":{"rendered":"<p>Une s\u00e9lection claire d&rsquo;\u00e9l\u00e9ments vous donne la possibilit\u00e9 de cr\u00e9er votre propre combinaison de canap\u00e9s. Les \u00e9l\u00e9ments du dossier et des accoudoirs, \u00e9tant de la m\u00eame hauteur, peuvent \u00eatre dispos\u00e9s de mani\u00e8re flexible pour former un cocon douillet et confortable. Des d\u00e9tails sophistiqu\u00e9s, tels qu&rsquo;une couture distinctive et des pieds raffin\u00e9s, refl\u00e8tent le savoir-faire artisanal qui caract\u00e9rise la production du canap\u00e9, lui conf\u00e9rant ainsi une grande personnalit\u00e9. LOU offre confort et convivialit\u00e9, faisant de ce canap\u00e9 une pi\u00e8ce \u00e0 ch\u00e9rir.<\/p>\n","protected":false},"featured_media":15874,"comment_status":"open","ping_status":"closed","template":"","meta":{"inline_featured_image":false},"pwb-brand":[584],"product_brand":[],"product_cat":[577,77],"product_tag":[],"class_list":{"0":"post-15898","1":"product","2":"type-product","3":"status-publish","4":"has-post-thumbnail","6":"pwb-brand-moome","7":"product_cat-canape","8":"product_cat-salon","10":"first","11":"instock","12":"shipping-taxable","13":"product-type-simple"},"aioseo_notices":[],"brands":[{"id":584,"name":"Moome","slug":"moome"}],"_links":{"self":[{"href":"https:\/\/willyvastiau.be\/fr\/wp-json\/wp\/v2\/product\/15898","targetHints":{"allow":["GET"]}}],"collection":[{"href":"https:\/\/willyvastiau.be\/fr\/wp-json\/wp\/v2\/product"}],"about":[{"href":"https:\/\/willyvastiau.be\/fr\/wp-json\/wp\/v2\/types\/product"}],"replies":[{"embeddable":true,"href":"https:\/\/willyvastiau.be\/fr\/wp-json\/wp\/v2\/comments?post=15898"}],"wp:featuredmedia":[{"embeddable":true,"href":"https:\/\/willyvastiau.be\/fr\/wp-json\/wp\/v2\/media\/15874"}],"wp:attachment":[{"href":"https:\/\/willyvastiau.be\/fr\/wp-json\/wp\/v2\/media?parent=15898"}],"wp:term":[{"taxonomy":"pwb-brand","embeddable":true,"href":"https:\/\/willyvastiau.be\/fr\/wp-json\/wp\/v2\/pwb-brand?post=15898"},{"taxonomy":"product_brand","embeddable":true,"href":"https:\/\/willyvastiau.be\/fr\/wp-json\/wp\/v2\/product_brand?post=15898"},{"taxonomy":"product_cat","embeddable":true,"href":"https:\/\/willyvastiau.be\/fr\/wp-json\/wp\/v2\/product_cat?post=15898"},{"taxonomy":"product_tag","embeddable":true,"href":"https:\/\/willyvastiau.be\/fr\/wp-json\/wp\/v2\/product_tag?post=15898"}],"curies":[{"name":"wp","href":"https:\/\/api.w.org\/{rel}","templated":true}]}}