{"id":16013,"date":"2023-11-24T14:28:20","date_gmt":"2023-11-24T14:28:20","guid":{"rendered":"https:\/\/willyvastiau.be\/?post_type=product&#038;p=16013"},"modified":"2023-11-24T14:33:18","modified_gmt":"2023-11-24T14:33:18","slug":"canape-miller","status":"publish","type":"product","link":"https:\/\/willyvastiau.be\/fr\/produit\/canape-miller\/","title":{"rendered":"Canap\u00e9 Miller"},"content":{"rendered":"","protected":false},"excerpt":{"rendered":"<p>D\u00e9couvrez MILLER, l&rsquo;\u00e9pitome du design iconique, couronn\u00e9 de prestigieux awards ! Avec son ext\u00e9rieur cubique et a\u00e9rien, et un int\u00e9rieur doux et fluide, MILLER joue avec maestria sur les contrastes. Son m\u00e9canisme de relaxation r\u00e9volutionnaire offre une exp\u00e9rience unique, tandis que ses neuf options de couleurs de pieds diff\u00e9rentes captivent tous les regards. Plongez dans l&rsquo;exclusivit\u00e9 de MILLER, o\u00f9 l&rsquo;esth\u00e9tique raffin\u00e9e rencontre l&rsquo;innovation, red\u00e9finissant les normes du confort contemporain. Un choix qui va au-del\u00e0 du style, MILLER repr\u00e9sente une v\u00e9ritable d\u00e9claration artistique dans le monde du mobilier.<\/p>\n","protected":false},"featured_media":16024,"comment_status":"open","ping_status":"closed","template":"","meta":{"inline_featured_image":false},"pwb-brand":[587],"product_brand":[],"product_cat":[577,77],"product_tag":[],"class_list":{"0":"post-16013","1":"product","2":"type-product","3":"status-publish","4":"has-post-thumbnail","6":"pwb-brand-rom1961","7":"product_cat-canape","8":"product_cat-salon","10":"first","11":"instock","12":"shipping-taxable","13":"product-type-simple"},"aioseo_notices":[],"brands":[{"id":587,"name":"Rom1961","slug":"rom1961"}],"_links":{"self":[{"href":"https:\/\/willyvastiau.be\/fr\/wp-json\/wp\/v2\/product\/16013","targetHints":{"allow":["GET"]}}],"collection":[{"href":"https:\/\/willyvastiau.be\/fr\/wp-json\/wp\/v2\/product"}],"about":[{"href":"https:\/\/willyvastiau.be\/fr\/wp-json\/wp\/v2\/types\/product"}],"replies":[{"embeddable":true,"href":"https:\/\/willyvastiau.be\/fr\/wp-json\/wp\/v2\/comments?post=16013"}],"wp:featuredmedia":[{"embeddable":true,"href":"https:\/\/willyvastiau.be\/fr\/wp-json\/wp\/v2\/media\/16024"}],"wp:attachment":[{"href":"https:\/\/willyvastiau.be\/fr\/wp-json\/wp\/v2\/media?parent=16013"}],"wp:term":[{"taxonomy":"pwb-brand","embeddable":true,"href":"https:\/\/willyvastiau.be\/fr\/wp-json\/wp\/v2\/pwb-brand?post=16013"},{"taxonomy":"product_brand","embeddable":true,"href":"https:\/\/willyvastiau.be\/fr\/wp-json\/wp\/v2\/product_brand?post=16013"},{"taxonomy":"product_cat","embeddable":true,"href":"https:\/\/willyvastiau.be\/fr\/wp-json\/wp\/v2\/product_cat?post=16013"},{"taxonomy":"product_tag","embeddable":true,"href":"https:\/\/willyvastiau.be\/fr\/wp-json\/wp\/v2\/product_tag?post=16013"}],"curies":[{"name":"wp","href":"https:\/\/api.w.org\/{rel}","templated":true}]}}