{"id":16027,"date":"2023-11-24T14:34:22","date_gmt":"2023-11-24T14:34:22","guid":{"rendered":"https:\/\/willyvastiau.be\/?post_type=product&#038;p=16027"},"modified":"2023-11-24T14:42:18","modified_gmt":"2023-11-24T14:42:18","slug":"canape-adora","status":"publish","type":"product","link":"https:\/\/willyvastiau.be\/fr\/produit\/canape-adora\/","title":{"rendered":"Canap\u00e9 Adora"},"content":{"rendered":"","protected":false},"excerpt":{"rendered":"<p>Faites la rencontre d&rsquo;ADORA, l&rsquo;intemporel par excellence. Ses compositions \u00e9l\u00e9gantes, la l\u00e9g\u00e8ret\u00e9 de ses formes et son design subtil en font une pi\u00e8ce ma\u00eetresse qui transcende les tendances \u00e9ph\u00e9m\u00e8res. Dot\u00e9 d&rsquo;une forme clairement d\u00e9finie et de pieds d&rsquo;une \u00e9l\u00e9gance exceptionnelle, ADORA \u00e9mane une beaut\u00e9 et un design intemporels qui captivent l&rsquo;\u0153il. C&rsquo;est bien plus qu&rsquo;un meuble, c&rsquo;est une d\u00e9claration intemporelle d&rsquo;\u00e9l\u00e9gance qui s&rsquo;int\u00e8gre harmonieusement dans tout espace, ajoutant une touche de raffinement qui r\u00e9siste \u00e0 l&rsquo;\u00e9preuve du temps.<\/p>\n","protected":false},"featured_media":16034,"comment_status":"open","ping_status":"closed","template":"","meta":{"inline_featured_image":false},"pwb-brand":[587],"product_brand":[],"product_cat":[577,77],"product_tag":[],"class_list":{"0":"post-16027","1":"product","2":"type-product","3":"status-publish","4":"has-post-thumbnail","6":"pwb-brand-rom1961","7":"product_cat-canape","8":"product_cat-salon","10":"first","11":"instock","12":"shipping-taxable","13":"product-type-simple"},"aioseo_notices":[],"brands":[{"id":587,"name":"Rom1961","slug":"rom1961"}],"_links":{"self":[{"href":"https:\/\/willyvastiau.be\/fr\/wp-json\/wp\/v2\/product\/16027","targetHints":{"allow":["GET"]}}],"collection":[{"href":"https:\/\/willyvastiau.be\/fr\/wp-json\/wp\/v2\/product"}],"about":[{"href":"https:\/\/willyvastiau.be\/fr\/wp-json\/wp\/v2\/types\/product"}],"replies":[{"embeddable":true,"href":"https:\/\/willyvastiau.be\/fr\/wp-json\/wp\/v2\/comments?post=16027"}],"wp:featuredmedia":[{"embeddable":true,"href":"https:\/\/willyvastiau.be\/fr\/wp-json\/wp\/v2\/media\/16034"}],"wp:attachment":[{"href":"https:\/\/willyvastiau.be\/fr\/wp-json\/wp\/v2\/media?parent=16027"}],"wp:term":[{"taxonomy":"pwb-brand","embeddable":true,"href":"https:\/\/willyvastiau.be\/fr\/wp-json\/wp\/v2\/pwb-brand?post=16027"},{"taxonomy":"product_brand","embeddable":true,"href":"https:\/\/willyvastiau.be\/fr\/wp-json\/wp\/v2\/product_brand?post=16027"},{"taxonomy":"product_cat","embeddable":true,"href":"https:\/\/willyvastiau.be\/fr\/wp-json\/wp\/v2\/product_cat?post=16027"},{"taxonomy":"product_tag","embeddable":true,"href":"https:\/\/willyvastiau.be\/fr\/wp-json\/wp\/v2\/product_tag?post=16027"}],"curies":[{"name":"wp","href":"https:\/\/api.w.org\/{rel}","templated":true}]}}