{"id":16239,"date":"2023-11-29T11:04:22","date_gmt":"2023-11-29T11:04:22","guid":{"rendered":"https:\/\/willyvastiau.be\/?post_type=product&#038;p=16239"},"modified":"2023-11-29T12:53:56","modified_gmt":"2023-11-29T12:53:56","slug":"matelas-revive","status":"publish","type":"product","link":"https:\/\/willyvastiau.be\/fr\/produit\/matelas-revive\/","title":{"rendered":"Matelas Revive"},"content":{"rendered":"","protected":false},"excerpt":{"rendered":"<p>D\u00e9couvrez le matelas \u00ab\u00a0Revive\u00a0\u00bb d&rsquo;Auping, con\u00e7u pour s&rsquo;adapter \u00e0 tous les types de dormeurs avec une pr\u00e9cision exceptionnelle. Ce matelas innovant offre le soutien id\u00e9al l\u00e0 o\u00f9 c&rsquo;est n\u00e9cessaire, cr\u00e9ant une exp\u00e9rience de sommeil sur mesure qui r\u00e9pond \u00e0 vos besoins sp\u00e9cifiques.<\/p>\n<p>Appr\u00e9ciez une ventilation optimale qui procure une sensation de fra\u00eecheur tout au long de la nuit, vous permettant de plonger dans un sommeil profond et r\u00e9parateur. Pour encore plus de praticit\u00e9, optez pour le coutil amovible et lavable en option, assurant une hygi\u00e8ne impeccable et un entretien facile.<\/p>\n<p>Avec le matelas \u00ab\u00a0Revive\u00a0\u00bb d&rsquo;Auping, offrez-vous une nuit de sommeil in\u00e9gal\u00e9e et r\u00e9veillez-vous chaque jour frais et dispos, pr\u00eat \u00e0 embrasser la journ\u00e9e qui s&rsquo;annonce. Plongez dans le confort, la praticit\u00e9 et le bien-\u00eatre pour une exp\u00e9rience de sommeil revitalisante.<\/p>\n","protected":false},"featured_media":16240,"comment_status":"open","ping_status":"closed","template":"","meta":{"inline_featured_image":false},"pwb-brand":[608],"product_brand":[],"product_cat":[81,109],"product_tag":[],"class_list":{"0":"post-16239","1":"product","2":"type-product","3":"status-publish","4":"has-post-thumbnail","6":"pwb-brand-auping","7":"product_cat-literie","8":"product_cat-matelas","10":"first","11":"instock","12":"shipping-taxable","13":"product-type-simple"},"aioseo_notices":[],"brands":[{"id":608,"name":"Auping","slug":"auping"}],"_links":{"self":[{"href":"https:\/\/willyvastiau.be\/fr\/wp-json\/wp\/v2\/product\/16239","targetHints":{"allow":["GET"]}}],"collection":[{"href":"https:\/\/willyvastiau.be\/fr\/wp-json\/wp\/v2\/product"}],"about":[{"href":"https:\/\/willyvastiau.be\/fr\/wp-json\/wp\/v2\/types\/product"}],"replies":[{"embeddable":true,"href":"https:\/\/willyvastiau.be\/fr\/wp-json\/wp\/v2\/comments?post=16239"}],"wp:featuredmedia":[{"embeddable":true,"href":"https:\/\/willyvastiau.be\/fr\/wp-json\/wp\/v2\/media\/16240"}],"wp:attachment":[{"href":"https:\/\/willyvastiau.be\/fr\/wp-json\/wp\/v2\/media?parent=16239"}],"wp:term":[{"taxonomy":"pwb-brand","embeddable":true,"href":"https:\/\/willyvastiau.be\/fr\/wp-json\/wp\/v2\/pwb-brand?post=16239"},{"taxonomy":"product_brand","embeddable":true,"href":"https:\/\/willyvastiau.be\/fr\/wp-json\/wp\/v2\/product_brand?post=16239"},{"taxonomy":"product_cat","embeddable":true,"href":"https:\/\/willyvastiau.be\/fr\/wp-json\/wp\/v2\/product_cat?post=16239"},{"taxonomy":"product_tag","embeddable":true,"href":"https:\/\/willyvastiau.be\/fr\/wp-json\/wp\/v2\/product_tag?post=16239"}],"curies":[{"name":"wp","href":"https:\/\/api.w.org\/{rel}","templated":true}]}}