{"id":16317,"date":"2023-11-29T12:42:49","date_gmt":"2023-11-29T12:42:49","guid":{"rendered":"https:\/\/willyvastiau.be\/?post_type=product&#038;p=16317"},"modified":"2023-11-29T12:45:20","modified_gmt":"2023-11-29T12:45:20","slug":"sommier-electrique-smart-base-a-2-moteurs","status":"publish","type":"product","link":"https:\/\/willyvastiau.be\/fr\/produit\/sommier-electrique-smart-base-a-2-moteurs\/","title":{"rendered":"Sommier \u00e9lectrique Smart base \u00e0 2 moteurs"},"content":{"rendered":"","protected":false},"excerpt":{"rendered":"<p>D\u00e9couvrez le summum du confort avec le sommier \u00e9lectrique Smart Base \u00e0 2 moteurs d&rsquo;Auping, une merveille de technologie et d&rsquo;ergonomie con\u00e7ue pour transformer chaque instant de repos en une exp\u00e9rience inoubliable. Ce sommier offre un r\u00e9glage \u00e9lectrique aussi bien du dossier que du rel\u00e8ve-pied, vous permettant de cr\u00e9er la position parfaite pour un confort sur mesure.<\/p>\n<p>La flexion au niveau du genou dans l&rsquo;assise ajoute un soutien suppl\u00e9mentaire dans le bas du dos, pr\u00e9venant tout glissement vers le bas et offrant une position plus confortable. Cette caract\u00e9ristique novatrice soulage la pression dans le bas de votre dos, vous permettant de vous d\u00e9tendre pleinement, que vous lisiez un livre ou que votre bien-aim\u00e9(e) vous apporte un d\u00e9licieux petit-d\u00e9jeuner au lit.<\/p>\n<p>Avec le sommier \u00e9lectrique Smart Base \u00e0 2 moteurs d&rsquo;Auping, chaque moment de repos devient une c\u00e9l\u00e9bration du bien-\u00eatre et du luxe. Offrez-vous une exp\u00e9rience de sommeil exceptionnelle o\u00f9 la technologie de pointe rencontre le confort sup\u00e9rieur, cr\u00e9ant ainsi un sanctuaire de repos personnalis\u00e9 dans lequel vous pouvez vous complaire \u00e0 chaque instant.<\/p>\n","protected":false},"featured_media":16321,"comment_status":"open","ping_status":"closed","template":"","meta":{"inline_featured_image":false},"pwb-brand":[608],"product_brand":[],"product_cat":[81,110],"product_tag":[],"class_list":{"0":"post-16317","1":"product","2":"type-product","3":"status-publish","4":"has-post-thumbnail","6":"pwb-brand-auping","7":"product_cat-literie","8":"product_cat-sommier","10":"first","11":"instock","12":"shipping-taxable","13":"product-type-simple"},"aioseo_notices":[],"brands":[{"id":608,"name":"Auping","slug":"auping"}],"_links":{"self":[{"href":"https:\/\/willyvastiau.be\/fr\/wp-json\/wp\/v2\/product\/16317","targetHints":{"allow":["GET"]}}],"collection":[{"href":"https:\/\/willyvastiau.be\/fr\/wp-json\/wp\/v2\/product"}],"about":[{"href":"https:\/\/willyvastiau.be\/fr\/wp-json\/wp\/v2\/types\/product"}],"replies":[{"embeddable":true,"href":"https:\/\/willyvastiau.be\/fr\/wp-json\/wp\/v2\/comments?post=16317"}],"wp:featuredmedia":[{"embeddable":true,"href":"https:\/\/willyvastiau.be\/fr\/wp-json\/wp\/v2\/media\/16321"}],"wp:attachment":[{"href":"https:\/\/willyvastiau.be\/fr\/wp-json\/wp\/v2\/media?parent=16317"}],"wp:term":[{"taxonomy":"pwb-brand","embeddable":true,"href":"https:\/\/willyvastiau.be\/fr\/wp-json\/wp\/v2\/pwb-brand?post=16317"},{"taxonomy":"product_brand","embeddable":true,"href":"https:\/\/willyvastiau.be\/fr\/wp-json\/wp\/v2\/product_brand?post=16317"},{"taxonomy":"product_cat","embeddable":true,"href":"https:\/\/willyvastiau.be\/fr\/wp-json\/wp\/v2\/product_cat?post=16317"},{"taxonomy":"product_tag","embeddable":true,"href":"https:\/\/willyvastiau.be\/fr\/wp-json\/wp\/v2\/product_tag?post=16317"}],"curies":[{"name":"wp","href":"https:\/\/api.w.org\/{rel}","templated":true}]}}