{"id":16439,"date":"2023-11-30T12:22:09","date_gmt":"2023-11-30T12:22:09","guid":{"rendered":"https:\/\/willyvastiau.be\/?post_type=product&#038;p=16439"},"modified":"2023-11-30T12:39:44","modified_gmt":"2023-11-30T12:39:44","slug":"matelas-eclipse-pocket-hr-gel","status":"publish","type":"product","link":"https:\/\/willyvastiau.be\/fr\/produit\/matelas-eclipse-pocket-hr-gel\/","title":{"rendered":"Matelas Eclipse Pocket HR Gel"},"content":{"rendered":"","protected":false},"excerpt":{"rendered":"<p>Explorez le sommeil r\u00e9invent\u00e9 avec le matelas \u00e0 ressorts ensach\u00e9s Eclipse Pocket HR Gel de Van Landschoot, o\u00f9 le soutien pr\u00e9cis rencontre la fra\u00eecheur innovante.<\/p>\n<p><strong>Adaptabilit\u00e9 Personnalis\u00e9e :<\/strong> Disponible dans diff\u00e9rentes tailles, ce matelas s&rsquo;ajuste \u00e0 tous les types de lits, offrant une exp\u00e9rience de sommeil adapt\u00e9e \u00e0 vos besoins.<\/p>\n<p><strong>Soutien Avanc\u00e9 :<\/strong> Avec 360 ressorts\/m2 et 7 zones de confort, ce matelas assure un soutien cibl\u00e9 pour la t\u00eate, les \u00e9paules, le dos, le bassin et les genoux, cr\u00e9ant un confort optimal.<\/p>\n<p><strong>Innovation Gel HR :<\/strong> La couche de rev\u00eatement en gel HR de 3 cm offre une fra\u00eecheur in\u00e9gal\u00e9e et un soutien suppl\u00e9mentaire, garantissant des nuits de sommeil profond et reposant.<\/p>\n<p><strong>Polyvalence de Combinaison :<\/strong> Parfaitement compatible avec un sommier \u00e0 lattes plat, r\u00e9glable et \u00e9lectrique, ou un sommier tapissier, ce matelas s&rsquo;adapte \u00e0 diverses bases de lit.<\/p>\n<p><strong>Durabilit\u00e9 Confortable :<\/strong> Con\u00e7u pour une utilisation par des personnes pesant jusqu&rsquo;\u00e0 95 kg, le matelas offre un confort durable avec une double housse en tissu amovible pour une maintenance facile.<\/p>\n<p><strong>Circulation d&rsquo;Air Optimale :<\/strong> La bordure 3D assure une ventilation parfaite, contribuant \u00e0 maintenir une temp\u00e9rature de sommeil agr\u00e9able.<\/p>\n<p>Plongez dans une exp\u00e9rience de sommeil exceptionnelle avec le matelas Eclipse Pocket HR Gel, alliant technologie de pointe et confort rafra\u00eechissant.<\/p>\n","protected":false},"featured_media":16468,"comment_status":"open","ping_status":"closed","template":"","meta":{"inline_featured_image":false},"pwb-brand":[620],"product_brand":[],"product_cat":[81,109],"product_tag":[],"class_list":{"0":"post-16439","1":"product","2":"type-product","3":"status-publish","4":"has-post-thumbnail","6":"pwb-brand-van-landschoot","7":"product_cat-literie","8":"product_cat-matelas","10":"first","11":"instock","12":"shipping-taxable","13":"product-type-simple"},"aioseo_notices":[],"brands":[{"id":620,"name":"Van Landschoot","slug":"van-landschoot"}],"_links":{"self":[{"href":"https:\/\/willyvastiau.be\/fr\/wp-json\/wp\/v2\/product\/16439","targetHints":{"allow":["GET"]}}],"collection":[{"href":"https:\/\/willyvastiau.be\/fr\/wp-json\/wp\/v2\/product"}],"about":[{"href":"https:\/\/willyvastiau.be\/fr\/wp-json\/wp\/v2\/types\/product"}],"replies":[{"embeddable":true,"href":"https:\/\/willyvastiau.be\/fr\/wp-json\/wp\/v2\/comments?post=16439"}],"wp:featuredmedia":[{"embeddable":true,"href":"https:\/\/willyvastiau.be\/fr\/wp-json\/wp\/v2\/media\/16468"}],"wp:attachment":[{"href":"https:\/\/willyvastiau.be\/fr\/wp-json\/wp\/v2\/media?parent=16439"}],"wp:term":[{"taxonomy":"pwb-brand","embeddable":true,"href":"https:\/\/willyvastiau.be\/fr\/wp-json\/wp\/v2\/pwb-brand?post=16439"},{"taxonomy":"product_brand","embeddable":true,"href":"https:\/\/willyvastiau.be\/fr\/wp-json\/wp\/v2\/product_brand?post=16439"},{"taxonomy":"product_cat","embeddable":true,"href":"https:\/\/willyvastiau.be\/fr\/wp-json\/wp\/v2\/product_cat?post=16439"},{"taxonomy":"product_tag","embeddable":true,"href":"https:\/\/willyvastiau.be\/fr\/wp-json\/wp\/v2\/product_tag?post=16439"}],"curies":[{"name":"wp","href":"https:\/\/api.w.org\/{rel}","templated":true}]}}