{"id":16606,"date":"2023-12-01T16:39:39","date_gmt":"2023-12-01T16:39:39","guid":{"rendered":"https:\/\/willyvastiau.be\/?post_type=product&#038;p=16606"},"modified":"2023-12-01T16:50:33","modified_gmt":"2023-12-01T16:50:33","slug":"oranje-protexx-1-place-textile-lether-5-ans-de-service","status":"publish","type":"product","link":"https:\/\/willyvastiau.be\/fr\/produit\/oranje-protexx-1-place-textile-lether-5-ans-de-service\/","title":{"rendered":"Oranje Protexx 1 place Textile\/Lether &#8211; 5 ans de service"},"content":{"rendered":"","protected":false},"excerpt":{"rendered":"<p>Ce set d&rsquo;entretien est sp\u00e9cialement con\u00e7u pour un canap\u00e9 1 place et deux chaises.<\/p>\n<p>En appliquant le spray de protection d\u00e9di\u00e9, votre tissu b\u00e9n\u00e9ficie d&rsquo;une pr\u00e9servation optimale, conservant ainsi sa belle apparence d&rsquo;origine.<\/p>\n<p>Le kit inclut \u00e9galement une carte de service. En conservant votre facture d&rsquo;achat du nouveau mobilier d&rsquo;assise avec cette carte, vous profitez d&rsquo;une garantie de 5 ans contre les taches, assortie d&rsquo;un service d&rsquo;entretien. Cela signifie que si une tache tenace r\u00e9siste \u00e0 vos efforts, vous avez la possibilit\u00e9 de solliciter l&rsquo;intervention d&rsquo;Oranje Furniture Care pour son \u00e9limination.<\/p>\n<p>(!) Veuillez noter que cette garantie s&rsquo;applique uniquement si le traitement Protexx est achet\u00e9 simultan\u00e9ment avec le mobilier (si\u00e8ge, tissu, pouf, etc.). Le traitement Protexx ne peut pas \u00eatre acquis apr\u00e8s l&rsquo;achat, auquel cas la garantie et le service ne sont pas valides.<\/p>\n","protected":false},"featured_media":16607,"comment_status":"open","ping_status":"closed","template":"","meta":{"inline_featured_image":false},"pwb-brand":[638],"product_brand":[],"product_cat":[87,77],"product_tag":[],"class_list":{"0":"post-16606","1":"product","2":"type-product","3":"status-publish","4":"has-post-thumbnail","6":"pwb-brand-oranje-protexx","7":"product_cat-fauteuil","8":"product_cat-salon","10":"first","11":"instock","12":"shipping-taxable","13":"product-type-simple"},"aioseo_notices":[],"brands":[{"id":638,"name":"Oranje Protexx","slug":"oranje-protexx"}],"_links":{"self":[{"href":"https:\/\/willyvastiau.be\/fr\/wp-json\/wp\/v2\/product\/16606","targetHints":{"allow":["GET"]}}],"collection":[{"href":"https:\/\/willyvastiau.be\/fr\/wp-json\/wp\/v2\/product"}],"about":[{"href":"https:\/\/willyvastiau.be\/fr\/wp-json\/wp\/v2\/types\/product"}],"replies":[{"embeddable":true,"href":"https:\/\/willyvastiau.be\/fr\/wp-json\/wp\/v2\/comments?post=16606"}],"wp:featuredmedia":[{"embeddable":true,"href":"https:\/\/willyvastiau.be\/fr\/wp-json\/wp\/v2\/media\/16607"}],"wp:attachment":[{"href":"https:\/\/willyvastiau.be\/fr\/wp-json\/wp\/v2\/media?parent=16606"}],"wp:term":[{"taxonomy":"pwb-brand","embeddable":true,"href":"https:\/\/willyvastiau.be\/fr\/wp-json\/wp\/v2\/pwb-brand?post=16606"},{"taxonomy":"product_brand","embeddable":true,"href":"https:\/\/willyvastiau.be\/fr\/wp-json\/wp\/v2\/product_brand?post=16606"},{"taxonomy":"product_cat","embeddable":true,"href":"https:\/\/willyvastiau.be\/fr\/wp-json\/wp\/v2\/product_cat?post=16606"},{"taxonomy":"product_tag","embeddable":true,"href":"https:\/\/willyvastiau.be\/fr\/wp-json\/wp\/v2\/product_tag?post=16606"}],"curies":[{"name":"wp","href":"https:\/\/api.w.org\/{rel}","templated":true}]}}