{"id":16659,"date":"2023-12-06T11:06:56","date_gmt":"2023-12-06T11:06:56","guid":{"rendered":"https:\/\/willyvastiau.be\/?post_type=product&#038;p=16659"},"modified":"2023-12-06T11:13:02","modified_gmt":"2023-12-06T11:13:02","slug":"table-basse-capri","status":"publish","type":"product","link":"https:\/\/willyvastiau.be\/fr\/produit\/table-basse-capri\/","title":{"rendered":"Table Basse Capri"},"content":{"rendered":"","protected":false},"excerpt":{"rendered":"<p>Ajoutez une touche d&rsquo;\u00e9l\u00e9gance et de subtilit\u00e9 \u00e0 votre espace int\u00e9rieur avec la table basse Capri. Cette pi\u00e8ce de mobilier apporte une esth\u00e9tique raffin\u00e9e \u00e0 votre salon gr\u00e2ce \u00e0 son plateau en c\u00e9ramique au motif unique, imitant le marbre Calcatta, d&rsquo;une \u00e9paisseur de 11 mm. La ceinture en acier au fini laiton ajoute une note sophistiqu\u00e9e. Le pi\u00e9tement, disponible en diff\u00e9rentes hauteurs (33 cm, 38 cm, 43 cm et 50 cm), est r\u00e9alis\u00e9 en acier laqu\u00e9 noir mat, cr\u00e9ant un contraste \u00e9l\u00e9gant et assurant une stabilit\u00e9 optimale \u00e0 la table Capri. Un choix id\u00e9al pour agr\u00e9menter votre d\u00e9coration int\u00e9rieure avec style.<\/p>\n","protected":false},"featured_media":16663,"comment_status":"open","ping_status":"closed","template":"","meta":{"inline_featured_image":false},"pwb-brand":[639],"product_brand":[],"product_cat":[77,90],"product_tag":[],"class_list":{"0":"post-16659","1":"product","2":"type-product","3":"status-publish","4":"has-post-thumbnail","6":"pwb-brand-akante","7":"product_cat-salon","8":"product_cat-table-basse","10":"first","11":"instock","12":"shipping-taxable","13":"product-type-simple"},"aioseo_notices":[],"brands":[{"id":639,"name":"Akante","slug":"akante"}],"_links":{"self":[{"href":"https:\/\/willyvastiau.be\/fr\/wp-json\/wp\/v2\/product\/16659","targetHints":{"allow":["GET"]}}],"collection":[{"href":"https:\/\/willyvastiau.be\/fr\/wp-json\/wp\/v2\/product"}],"about":[{"href":"https:\/\/willyvastiau.be\/fr\/wp-json\/wp\/v2\/types\/product"}],"replies":[{"embeddable":true,"href":"https:\/\/willyvastiau.be\/fr\/wp-json\/wp\/v2\/comments?post=16659"}],"wp:featuredmedia":[{"embeddable":true,"href":"https:\/\/willyvastiau.be\/fr\/wp-json\/wp\/v2\/media\/16663"}],"wp:attachment":[{"href":"https:\/\/willyvastiau.be\/fr\/wp-json\/wp\/v2\/media?parent=16659"}],"wp:term":[{"taxonomy":"pwb-brand","embeddable":true,"href":"https:\/\/willyvastiau.be\/fr\/wp-json\/wp\/v2\/pwb-brand?post=16659"},{"taxonomy":"product_brand","embeddable":true,"href":"https:\/\/willyvastiau.be\/fr\/wp-json\/wp\/v2\/product_brand?post=16659"},{"taxonomy":"product_cat","embeddable":true,"href":"https:\/\/willyvastiau.be\/fr\/wp-json\/wp\/v2\/product_cat?post=16659"},{"taxonomy":"product_tag","embeddable":true,"href":"https:\/\/willyvastiau.be\/fr\/wp-json\/wp\/v2\/product_tag?post=16659"}],"curies":[{"name":"wp","href":"https:\/\/api.w.org\/{rel}","templated":true}]}}