{"id":16683,"date":"2023-12-06T11:37:46","date_gmt":"2023-12-06T11:37:46","guid":{"rendered":"https:\/\/willyvastiau.be\/?post_type=product&#038;p=16683"},"modified":"2023-12-06T11:43:59","modified_gmt":"2023-12-06T11:43:59","slug":"table-basse-polaris","status":"publish","type":"product","link":"https:\/\/willyvastiau.be\/fr\/produit\/table-basse-polaris\/","title":{"rendered":"Table Basse Polaris"},"content":{"rendered":"","protected":false},"excerpt":{"rendered":"<p>D\u00e9couvrez la table basse Polaris, une cr\u00e9ation ing\u00e9nieuse qui allie esth\u00e9tique et fonctionnalit\u00e9. Son plateau sup\u00e9rieur en c\u00e9ramique Ch\u00eane clair lumineux, d&rsquo;une \u00e9paisseur de 3 mm, est d\u00e9licatement coll\u00e9 sur un vitrage de 6 mm, tandis que le plateau inf\u00e9rieur est con\u00e7u en verre tremp\u00e9 de 10 mm. L&rsquo;originalit\u00e9 de cette table r\u00e9side dans son pi\u00e9tement triangulaire en acier laqu\u00e9 noir mat, ajoutant une touche moderne \u00e0 l&rsquo;ensemble. Polaris devient ainsi la pi\u00e8ce ma\u00eetresse de votre salon, mariant \u00e9l\u00e9gance et praticit\u00e9. Optez pour le nettoyage avec un chiffon humide et \u00e9vitez l&rsquo;utilisation de produits chimiques pour pr\u00e9server la beaut\u00e9 de ce meuble.<\/p>\n","protected":false},"featured_media":16688,"comment_status":"open","ping_status":"closed","template":"","meta":{"inline_featured_image":false},"pwb-brand":[639],"product_brand":[],"product_cat":[77,90],"product_tag":[],"class_list":{"0":"post-16683","1":"product","2":"type-product","3":"status-publish","4":"has-post-thumbnail","6":"pwb-brand-akante","7":"product_cat-salon","8":"product_cat-table-basse","10":"first","11":"instock","12":"shipping-taxable","13":"product-type-simple"},"aioseo_notices":[],"brands":[{"id":639,"name":"Akante","slug":"akante"}],"_links":{"self":[{"href":"https:\/\/willyvastiau.be\/fr\/wp-json\/wp\/v2\/product\/16683","targetHints":{"allow":["GET"]}}],"collection":[{"href":"https:\/\/willyvastiau.be\/fr\/wp-json\/wp\/v2\/product"}],"about":[{"href":"https:\/\/willyvastiau.be\/fr\/wp-json\/wp\/v2\/types\/product"}],"replies":[{"embeddable":true,"href":"https:\/\/willyvastiau.be\/fr\/wp-json\/wp\/v2\/comments?post=16683"}],"wp:featuredmedia":[{"embeddable":true,"href":"https:\/\/willyvastiau.be\/fr\/wp-json\/wp\/v2\/media\/16688"}],"wp:attachment":[{"href":"https:\/\/willyvastiau.be\/fr\/wp-json\/wp\/v2\/media?parent=16683"}],"wp:term":[{"taxonomy":"pwb-brand","embeddable":true,"href":"https:\/\/willyvastiau.be\/fr\/wp-json\/wp\/v2\/pwb-brand?post=16683"},{"taxonomy":"product_brand","embeddable":true,"href":"https:\/\/willyvastiau.be\/fr\/wp-json\/wp\/v2\/product_brand?post=16683"},{"taxonomy":"product_cat","embeddable":true,"href":"https:\/\/willyvastiau.be\/fr\/wp-json\/wp\/v2\/product_cat?post=16683"},{"taxonomy":"product_tag","embeddable":true,"href":"https:\/\/willyvastiau.be\/fr\/wp-json\/wp\/v2\/product_tag?post=16683"}],"curies":[{"name":"wp","href":"https:\/\/api.w.org\/{rel}","templated":true}]}}