{"id":16690,"date":"2023-12-06T11:45:02","date_gmt":"2023-12-06T11:45:02","guid":{"rendered":"https:\/\/willyvastiau.be\/?post_type=product&#038;p=16690"},"modified":"2023-12-06T11:51:39","modified_gmt":"2023-12-06T11:51:39","slug":"table-basse-comete","status":"publish","type":"product","link":"https:\/\/willyvastiau.be\/fr\/produit\/table-basse-comete\/","title":{"rendered":"Table Basse Comete"},"content":{"rendered":"","protected":false},"excerpt":{"rendered":"<p>D\u00e9couvrez la singularit\u00e9 de la table basse Com\u00e8te, une pi\u00e8ce exceptionnelle par son design original. Dot\u00e9e d&rsquo;un plateau principal en c\u00e9ramique titane, elle offre \u00e9galement un plateau sup\u00e9rieur pratique en c\u00e9ramique marbre blanc. Les couleurs tendance de ses plateaux, d&rsquo;une \u00e9paisseur de 3 mm et coll\u00e9s sur un vitrage de 6 mm, lui permettent de s&rsquo;int\u00e9grer harmonieusement dans un d\u00e9cor moderne, s&rsquo;accordant avec diverses palettes chromatiques. Disponible \u00e9galement en forme ronde dans la collection Satellite, sa structure en forme d&rsquo;\u00e9toile lui conf\u00e8re une l\u00e9g\u00e8ret\u00e9 remarquable, dynamisant vos espaces avec \u00e9l\u00e9gance.<\/p>\n","protected":false},"featured_media":16693,"comment_status":"open","ping_status":"closed","template":"","meta":{"inline_featured_image":false},"pwb-brand":[639],"product_brand":[],"product_cat":[77,90],"product_tag":[],"class_list":{"0":"post-16690","1":"product","2":"type-product","3":"status-publish","4":"has-post-thumbnail","6":"pwb-brand-akante","7":"product_cat-salon","8":"product_cat-table-basse","10":"first","11":"instock","12":"shipping-taxable","13":"product-type-simple"},"aioseo_notices":[],"brands":[{"id":639,"name":"Akante","slug":"akante"}],"_links":{"self":[{"href":"https:\/\/willyvastiau.be\/fr\/wp-json\/wp\/v2\/product\/16690","targetHints":{"allow":["GET"]}}],"collection":[{"href":"https:\/\/willyvastiau.be\/fr\/wp-json\/wp\/v2\/product"}],"about":[{"href":"https:\/\/willyvastiau.be\/fr\/wp-json\/wp\/v2\/types\/product"}],"replies":[{"embeddable":true,"href":"https:\/\/willyvastiau.be\/fr\/wp-json\/wp\/v2\/comments?post=16690"}],"wp:featuredmedia":[{"embeddable":true,"href":"https:\/\/willyvastiau.be\/fr\/wp-json\/wp\/v2\/media\/16693"}],"wp:attachment":[{"href":"https:\/\/willyvastiau.be\/fr\/wp-json\/wp\/v2\/media?parent=16690"}],"wp:term":[{"taxonomy":"pwb-brand","embeddable":true,"href":"https:\/\/willyvastiau.be\/fr\/wp-json\/wp\/v2\/pwb-brand?post=16690"},{"taxonomy":"product_brand","embeddable":true,"href":"https:\/\/willyvastiau.be\/fr\/wp-json\/wp\/v2\/product_brand?post=16690"},{"taxonomy":"product_cat","embeddable":true,"href":"https:\/\/willyvastiau.be\/fr\/wp-json\/wp\/v2\/product_cat?post=16690"},{"taxonomy":"product_tag","embeddable":true,"href":"https:\/\/willyvastiau.be\/fr\/wp-json\/wp\/v2\/product_tag?post=16690"}],"curies":[{"name":"wp","href":"https:\/\/api.w.org\/{rel}","templated":true}]}}