{"id":16722,"date":"2023-12-06T12:28:16","date_gmt":"2023-12-06T12:28:16","guid":{"rendered":"https:\/\/willyvastiau.be\/?post_type=product&#038;p=16722"},"modified":"2023-12-06T12:33:30","modified_gmt":"2023-12-06T12:33:30","slug":"table-basse-valentina","status":"publish","type":"product","link":"https:\/\/willyvastiau.be\/fr\/produit\/table-basse-valentina\/","title":{"rendered":"Table Basse Valentina"},"content":{"rendered":"","protected":false},"excerpt":{"rendered":"<p>La table basse Valentina est l&rsquo;expression parfaite de l&rsquo;originalit\u00e9 et de la modernit\u00e9. Son pi\u00e9tement au design unique et \u00e9l\u00e9gant la distingue de mani\u00e8re remarquable. Optez pour une touche de sophistication en int\u00e9grant la c\u00e9ramique marbre Calcatta, garantissant un motif unique \u00e0 votre table. Avec une c\u00e9ramique pleine masse de 11 mm d&rsquo;\u00e9paisseur, cette table basse offre une qualit\u00e9 exceptionnelle. Compl\u00e9tez l&rsquo;harmonie de votre salon en choisissant \u00e9galement la table d&rsquo;appoint de la m\u00eame gamme.<\/p>\n","protected":false},"featured_media":16723,"comment_status":"open","ping_status":"closed","template":"","meta":{"inline_featured_image":false},"pwb-brand":[639],"product_brand":[],"product_cat":[77,90],"product_tag":[],"class_list":{"0":"post-16722","1":"product","2":"type-product","3":"status-publish","4":"has-post-thumbnail","6":"pwb-brand-akante","7":"product_cat-salon","8":"product_cat-table-basse","10":"first","11":"instock","12":"shipping-taxable","13":"product-type-simple"},"aioseo_notices":[],"brands":[{"id":639,"name":"Akante","slug":"akante"}],"_links":{"self":[{"href":"https:\/\/willyvastiau.be\/fr\/wp-json\/wp\/v2\/product\/16722","targetHints":{"allow":["GET"]}}],"collection":[{"href":"https:\/\/willyvastiau.be\/fr\/wp-json\/wp\/v2\/product"}],"about":[{"href":"https:\/\/willyvastiau.be\/fr\/wp-json\/wp\/v2\/types\/product"}],"replies":[{"embeddable":true,"href":"https:\/\/willyvastiau.be\/fr\/wp-json\/wp\/v2\/comments?post=16722"}],"wp:featuredmedia":[{"embeddable":true,"href":"https:\/\/willyvastiau.be\/fr\/wp-json\/wp\/v2\/media\/16723"}],"wp:attachment":[{"href":"https:\/\/willyvastiau.be\/fr\/wp-json\/wp\/v2\/media?parent=16722"}],"wp:term":[{"taxonomy":"pwb-brand","embeddable":true,"href":"https:\/\/willyvastiau.be\/fr\/wp-json\/wp\/v2\/pwb-brand?post=16722"},{"taxonomy":"product_brand","embeddable":true,"href":"https:\/\/willyvastiau.be\/fr\/wp-json\/wp\/v2\/product_brand?post=16722"},{"taxonomy":"product_cat","embeddable":true,"href":"https:\/\/willyvastiau.be\/fr\/wp-json\/wp\/v2\/product_cat?post=16722"},{"taxonomy":"product_tag","embeddable":true,"href":"https:\/\/willyvastiau.be\/fr\/wp-json\/wp\/v2\/product_tag?post=16722"}],"curies":[{"name":"wp","href":"https:\/\/api.w.org\/{rel}","templated":true}]}}