{"id":16728,"date":"2023-12-06T12:34:38","date_gmt":"2023-12-06T12:34:38","guid":{"rendered":"https:\/\/willyvastiau.be\/?post_type=product&#038;p=16728"},"modified":"2023-12-06T12:38:55","modified_gmt":"2023-12-06T12:38:55","slug":"table-basse-varium","status":"publish","type":"product","link":"https:\/\/willyvastiau.be\/fr\/produit\/table-basse-varium\/","title":{"rendered":"Table Basse Varium"},"content":{"rendered":"","protected":false},"excerpt":{"rendered":"<p>Explorez la table basse Varium, une fusion parfaite d&rsquo;esth\u00e9tique et de fonctionnalit\u00e9. Son plateau sup\u00e9rieur en c\u00e9ramique titane s&rsquo;\u00e9l\u00e8ve jusqu&rsquo;\u00e0 61,5 cm, d\u00e9voilant ainsi un espace de rangement g\u00e9n\u00e9reux. Le pi\u00e9tement en MDF laqu\u00e9 compl\u00e8te harmonieusement le plateau titane, signature distinctive d&rsquo;Akante.<\/p>\n","protected":false},"featured_media":16731,"comment_status":"open","ping_status":"closed","template":"","meta":{"inline_featured_image":false},"pwb-brand":[639],"product_brand":[],"product_cat":[77,90],"product_tag":[],"class_list":{"0":"post-16728","1":"product","2":"type-product","3":"status-publish","4":"has-post-thumbnail","6":"pwb-brand-akante","7":"product_cat-salon","8":"product_cat-table-basse","10":"first","11":"instock","12":"shipping-taxable","13":"product-type-simple"},"aioseo_notices":[],"brands":[{"id":639,"name":"Akante","slug":"akante"}],"_links":{"self":[{"href":"https:\/\/willyvastiau.be\/fr\/wp-json\/wp\/v2\/product\/16728","targetHints":{"allow":["GET"]}}],"collection":[{"href":"https:\/\/willyvastiau.be\/fr\/wp-json\/wp\/v2\/product"}],"about":[{"href":"https:\/\/willyvastiau.be\/fr\/wp-json\/wp\/v2\/types\/product"}],"replies":[{"embeddable":true,"href":"https:\/\/willyvastiau.be\/fr\/wp-json\/wp\/v2\/comments?post=16728"}],"wp:featuredmedia":[{"embeddable":true,"href":"https:\/\/willyvastiau.be\/fr\/wp-json\/wp\/v2\/media\/16731"}],"wp:attachment":[{"href":"https:\/\/willyvastiau.be\/fr\/wp-json\/wp\/v2\/media?parent=16728"}],"wp:term":[{"taxonomy":"pwb-brand","embeddable":true,"href":"https:\/\/willyvastiau.be\/fr\/wp-json\/wp\/v2\/pwb-brand?post=16728"},{"taxonomy":"product_brand","embeddable":true,"href":"https:\/\/willyvastiau.be\/fr\/wp-json\/wp\/v2\/product_brand?post=16728"},{"taxonomy":"product_cat","embeddable":true,"href":"https:\/\/willyvastiau.be\/fr\/wp-json\/wp\/v2\/product_cat?post=16728"},{"taxonomy":"product_tag","embeddable":true,"href":"https:\/\/willyvastiau.be\/fr\/wp-json\/wp\/v2\/product_tag?post=16728"}],"curies":[{"name":"wp","href":"https:\/\/api.w.org\/{rel}","templated":true}]}}