{"id":16735,"date":"2023-12-06T12:39:38","date_gmt":"2023-12-06T12:39:38","guid":{"rendered":"https:\/\/willyvastiau.be\/?post_type=product&#038;p=16735"},"modified":"2023-12-06T12:43:26","modified_gmt":"2023-12-06T12:43:26","slug":"table-basse-iris","status":"publish","type":"product","link":"https:\/\/willyvastiau.be\/fr\/produit\/table-basse-iris\/","title":{"rendered":"Table Basse Iris"},"content":{"rendered":"","protected":false},"excerpt":{"rendered":"<p>Sublimez votre salon avec la table basse Iris, une pi\u00e8ce r\u00e9solument tendance. Son plateau en c\u00e9ramique silver, d&rsquo;une \u00e9paisseur de 3 mm, repose d\u00e9licatement sur un verre de 6 mm. L&rsquo;\u00e9l\u00e9gance de cette table est accentu\u00e9e par les lignes courb\u00e9es de son pi\u00e9tement en acier laqu\u00e9 noir mat. Avec des dimensions de 75 cm de diam\u00e8tre et 40 cm de hauteur, elle allie esth\u00e9tisme et praticit\u00e9. Personnalisez votre espace en associant cette table basse au bout de canap\u00e9 assorti, disponible avec la c\u00e9ramique de votre choix.<\/p>\n","protected":false},"featured_media":16740,"comment_status":"open","ping_status":"closed","template":"","meta":{"inline_featured_image":false},"pwb-brand":[639],"product_brand":[],"product_cat":[77,90],"product_tag":[],"class_list":{"0":"post-16735","1":"product","2":"type-product","3":"status-publish","4":"has-post-thumbnail","6":"pwb-brand-akante","7":"product_cat-salon","8":"product_cat-table-basse","10":"first","11":"instock","12":"shipping-taxable","13":"product-type-simple"},"aioseo_notices":[],"brands":[{"id":639,"name":"Akante","slug":"akante"}],"_links":{"self":[{"href":"https:\/\/willyvastiau.be\/fr\/wp-json\/wp\/v2\/product\/16735","targetHints":{"allow":["GET"]}}],"collection":[{"href":"https:\/\/willyvastiau.be\/fr\/wp-json\/wp\/v2\/product"}],"about":[{"href":"https:\/\/willyvastiau.be\/fr\/wp-json\/wp\/v2\/types\/product"}],"replies":[{"embeddable":true,"href":"https:\/\/willyvastiau.be\/fr\/wp-json\/wp\/v2\/comments?post=16735"}],"wp:featuredmedia":[{"embeddable":true,"href":"https:\/\/willyvastiau.be\/fr\/wp-json\/wp\/v2\/media\/16740"}],"wp:attachment":[{"href":"https:\/\/willyvastiau.be\/fr\/wp-json\/wp\/v2\/media?parent=16735"}],"wp:term":[{"taxonomy":"pwb-brand","embeddable":true,"href":"https:\/\/willyvastiau.be\/fr\/wp-json\/wp\/v2\/pwb-brand?post=16735"},{"taxonomy":"product_brand","embeddable":true,"href":"https:\/\/willyvastiau.be\/fr\/wp-json\/wp\/v2\/product_brand?post=16735"},{"taxonomy":"product_cat","embeddable":true,"href":"https:\/\/willyvastiau.be\/fr\/wp-json\/wp\/v2\/product_cat?post=16735"},{"taxonomy":"product_tag","embeddable":true,"href":"https:\/\/willyvastiau.be\/fr\/wp-json\/wp\/v2\/product_tag?post=16735"}],"curies":[{"name":"wp","href":"https:\/\/api.w.org\/{rel}","templated":true}]}}