{"id":16754,"date":"2023-12-06T12:59:14","date_gmt":"2023-12-06T12:59:14","guid":{"rendered":"https:\/\/willyvastiau.be\/?post_type=product&#038;p=16754"},"modified":"2023-12-07T09:26:11","modified_gmt":"2023-12-07T09:26:11","slug":"table-basse-ogive-copie","status":"publish","type":"product","link":"https:\/\/willyvastiau.be\/fr\/produit\/table-basse-ogive-copie\/","title":{"rendered":"Table Basse Marbella"},"content":{"rendered":"","protected":false},"excerpt":{"rendered":"<p>Adoptez la tendance des formes g\u00e9om\u00e9triques avec la table Marbella. Ses deux plateaux carr\u00e9s, modulables, offrent la possibilit\u00e9 d&rsquo;\u00e9largir la table de 47 cm. Le plateau sup\u00e9rieur, en c\u00e9ramique Silver de 3 mm d&rsquo;\u00e9paisseur, est d\u00e9licatement coll\u00e9 sur un vitrage de 6 mm. Quant au plateau inf\u00e9rieur, il est en verre tremp\u00e9 de 10 mm. L&rsquo;originalit\u00e9 de cette table r\u00e9side dans la forme distinctive de son pi\u00e9tement en acier laqu\u00e9 noir mat. Ses lignes carr\u00e9es et ses pieds fins renforcent l&rsquo;esprit contemporain de la table.<\/p>\n","protected":false},"featured_media":16758,"comment_status":"open","ping_status":"closed","template":"","meta":{"inline_featured_image":false},"pwb-brand":[639],"product_brand":[],"product_cat":[77,90],"product_tag":[],"class_list":{"0":"post-16754","1":"product","2":"type-product","3":"status-publish","4":"has-post-thumbnail","6":"pwb-brand-akante","7":"product_cat-salon","8":"product_cat-table-basse","10":"first","11":"instock","12":"shipping-taxable","13":"product-type-simple"},"aioseo_notices":[],"brands":[{"id":639,"name":"Akante","slug":"akante"}],"_links":{"self":[{"href":"https:\/\/willyvastiau.be\/fr\/wp-json\/wp\/v2\/product\/16754","targetHints":{"allow":["GET"]}}],"collection":[{"href":"https:\/\/willyvastiau.be\/fr\/wp-json\/wp\/v2\/product"}],"about":[{"href":"https:\/\/willyvastiau.be\/fr\/wp-json\/wp\/v2\/types\/product"}],"replies":[{"embeddable":true,"href":"https:\/\/willyvastiau.be\/fr\/wp-json\/wp\/v2\/comments?post=16754"}],"wp:featuredmedia":[{"embeddable":true,"href":"https:\/\/willyvastiau.be\/fr\/wp-json\/wp\/v2\/media\/16758"}],"wp:attachment":[{"href":"https:\/\/willyvastiau.be\/fr\/wp-json\/wp\/v2\/media?parent=16754"}],"wp:term":[{"taxonomy":"pwb-brand","embeddable":true,"href":"https:\/\/willyvastiau.be\/fr\/wp-json\/wp\/v2\/pwb-brand?post=16754"},{"taxonomy":"product_brand","embeddable":true,"href":"https:\/\/willyvastiau.be\/fr\/wp-json\/wp\/v2\/product_brand?post=16754"},{"taxonomy":"product_cat","embeddable":true,"href":"https:\/\/willyvastiau.be\/fr\/wp-json\/wp\/v2\/product_cat?post=16754"},{"taxonomy":"product_tag","embeddable":true,"href":"https:\/\/willyvastiau.be\/fr\/wp-json\/wp\/v2\/product_tag?post=16754"}],"curies":[{"name":"wp","href":"https:\/\/api.w.org\/{rel}","templated":true}]}}