{"id":16776,"date":"2023-12-07T09:37:42","date_gmt":"2023-12-07T09:37:42","guid":{"rendered":"https:\/\/willyvastiau.be\/?post_type=product&#038;p=16776"},"modified":"2023-12-07T09:48:10","modified_gmt":"2023-12-07T09:48:10","slug":"table-basse-galet","status":"publish","type":"product","link":"https:\/\/willyvastiau.be\/fr\/produit\/table-basse-galet\/","title":{"rendered":"Table Basse Galet"},"content":{"rendered":"","protected":false},"excerpt":{"rendered":"<p>Explorez les derni\u00e8res cr\u00e9ations d&rsquo;Akante avec la nouvelle finition Silver de la table basse Galet. Dot\u00e9e de pieds ajour\u00e9s en acier laqu\u00e9 noir mat, cette table basse allie \u00e9l\u00e9gance a\u00e9rienne et modernit\u00e9. Son plateau en c\u00e9ramique de 3 mm d&rsquo;\u00e9paisseur est soigneusement coll\u00e9 sur un vitrage de 6 mm, garantissant une r\u00e9sistance exceptionnelle.<\/p>\n","protected":false},"featured_media":16788,"comment_status":"open","ping_status":"closed","template":"","meta":{"inline_featured_image":false},"pwb-brand":[639],"product_brand":[],"product_cat":[77,90],"product_tag":[],"class_list":{"0":"post-16776","1":"product","2":"type-product","3":"status-publish","4":"has-post-thumbnail","6":"pwb-brand-akante","7":"product_cat-salon","8":"product_cat-table-basse","10":"first","11":"instock","12":"shipping-taxable","13":"product-type-simple"},"aioseo_notices":[],"brands":[{"id":639,"name":"Akante","slug":"akante"}],"_links":{"self":[{"href":"https:\/\/willyvastiau.be\/fr\/wp-json\/wp\/v2\/product\/16776","targetHints":{"allow":["GET"]}}],"collection":[{"href":"https:\/\/willyvastiau.be\/fr\/wp-json\/wp\/v2\/product"}],"about":[{"href":"https:\/\/willyvastiau.be\/fr\/wp-json\/wp\/v2\/types\/product"}],"replies":[{"embeddable":true,"href":"https:\/\/willyvastiau.be\/fr\/wp-json\/wp\/v2\/comments?post=16776"}],"wp:featuredmedia":[{"embeddable":true,"href":"https:\/\/willyvastiau.be\/fr\/wp-json\/wp\/v2\/media\/16788"}],"wp:attachment":[{"href":"https:\/\/willyvastiau.be\/fr\/wp-json\/wp\/v2\/media?parent=16776"}],"wp:term":[{"taxonomy":"pwb-brand","embeddable":true,"href":"https:\/\/willyvastiau.be\/fr\/wp-json\/wp\/v2\/pwb-brand?post=16776"},{"taxonomy":"product_brand","embeddable":true,"href":"https:\/\/willyvastiau.be\/fr\/wp-json\/wp\/v2\/product_brand?post=16776"},{"taxonomy":"product_cat","embeddable":true,"href":"https:\/\/willyvastiau.be\/fr\/wp-json\/wp\/v2\/product_cat?post=16776"},{"taxonomy":"product_tag","embeddable":true,"href":"https:\/\/willyvastiau.be\/fr\/wp-json\/wp\/v2\/product_tag?post=16776"}],"curies":[{"name":"wp","href":"https:\/\/api.w.org\/{rel}","templated":true}]}}