{"id":16840,"date":"2023-12-07T10:56:44","date_gmt":"2023-12-07T10:56:44","guid":{"rendered":"https:\/\/willyvastiau.be\/?post_type=product&#038;p=16840"},"modified":"2023-12-07T11:00:32","modified_gmt":"2023-12-07T11:00:32","slug":"table-basse-artemis","status":"publish","type":"product","link":"https:\/\/willyvastiau.be\/fr\/produit\/table-basse-artemis\/","title":{"rendered":"Table Basse Artemis"},"content":{"rendered":"","protected":false},"excerpt":{"rendered":"<p>D\u00e9couvrez la table basse Art\u00e9mis, une pi\u00e8ce charmante qui apporte une \u00e9l\u00e9gance subtile \u00e0 tout int\u00e9rieur. Son plateau en c\u00e9ramique argile, d&rsquo;une \u00e9paisseur de 3 mm, est d\u00e9licatement coll\u00e9 sur un vitrage de 6 mm. La forme ronde du plateau cr\u00e9e une atmosph\u00e8re douce et s\u00e9curisante. La table basse Art\u00e9mis est dot\u00e9e d&rsquo;un pi\u00e9tement central en acier laqu\u00e9 noir, lui conf\u00e9rant une touche de caract\u00e8re. Avec une hauteur de 40 cm, le pi\u00e9tement ajoute une dimension esth\u00e9tique distinctive. Choisissez parmi les diff\u00e9rentes dimensions de la collection Art\u00e9mis celle qui r\u00e9pond le mieux \u00e0 vos attentes pour personnaliser votre espace.<\/p>\n","protected":false},"featured_media":16842,"comment_status":"open","ping_status":"closed","template":"","meta":{"inline_featured_image":false},"pwb-brand":[639],"product_brand":[],"product_cat":[77,90],"product_tag":[],"class_list":{"0":"post-16840","1":"product","2":"type-product","3":"status-publish","4":"has-post-thumbnail","6":"pwb-brand-akante","7":"product_cat-salon","8":"product_cat-table-basse","10":"first","11":"instock","12":"shipping-taxable","13":"product-type-simple"},"aioseo_notices":[],"brands":[{"id":639,"name":"Akante","slug":"akante"}],"_links":{"self":[{"href":"https:\/\/willyvastiau.be\/fr\/wp-json\/wp\/v2\/product\/16840","targetHints":{"allow":["GET"]}}],"collection":[{"href":"https:\/\/willyvastiau.be\/fr\/wp-json\/wp\/v2\/product"}],"about":[{"href":"https:\/\/willyvastiau.be\/fr\/wp-json\/wp\/v2\/types\/product"}],"replies":[{"embeddable":true,"href":"https:\/\/willyvastiau.be\/fr\/wp-json\/wp\/v2\/comments?post=16840"}],"wp:featuredmedia":[{"embeddable":true,"href":"https:\/\/willyvastiau.be\/fr\/wp-json\/wp\/v2\/media\/16842"}],"wp:attachment":[{"href":"https:\/\/willyvastiau.be\/fr\/wp-json\/wp\/v2\/media?parent=16840"}],"wp:term":[{"taxonomy":"pwb-brand","embeddable":true,"href":"https:\/\/willyvastiau.be\/fr\/wp-json\/wp\/v2\/pwb-brand?post=16840"},{"taxonomy":"product_brand","embeddable":true,"href":"https:\/\/willyvastiau.be\/fr\/wp-json\/wp\/v2\/product_brand?post=16840"},{"taxonomy":"product_cat","embeddable":true,"href":"https:\/\/willyvastiau.be\/fr\/wp-json\/wp\/v2\/product_cat?post=16840"},{"taxonomy":"product_tag","embeddable":true,"href":"https:\/\/willyvastiau.be\/fr\/wp-json\/wp\/v2\/product_tag?post=16840"}],"curies":[{"name":"wp","href":"https:\/\/api.w.org\/{rel}","templated":true}]}}