{"id":16846,"date":"2023-12-07T11:00:57","date_gmt":"2023-12-07T11:00:57","guid":{"rendered":"https:\/\/willyvastiau.be\/?post_type=product&#038;p=16846"},"modified":"2023-12-07T11:06:53","modified_gmt":"2023-12-07T11:06:53","slug":"table-basse-milano","status":"publish","type":"product","link":"https:\/\/willyvastiau.be\/fr\/produit\/table-basse-milano\/","title":{"rendered":"Table Basse Milano"},"content":{"rendered":"","protected":false},"excerpt":{"rendered":"<p>D\u00e9couvrez la table basse Milano, une pi\u00e8ce \u00e9tonnante qui associe fonctionnalit\u00e9 et esth\u00e9tisme. Sa double dinette, adaptable \u00e0 toutes les situations, la rend aussi pratique que s\u00e9duisante. Les deux tablettes relevables en MDF, recouvertes de c\u00e9ramique titane, offrent une polyvalence exceptionnelle, vous permettant de d\u00eener dans votre salon ou de travailler confortablement \u00e0 la hauteur d&rsquo;un bureau (60 cm). Sa structure ing\u00e9nieuse en MDF laqu\u00e9 gris anthracite propose deux rangements astucieux sous les plateaux, dont l&rsquo;un est \u00e9quip\u00e9 de portes bouteilles, id\u00e9al pour pr\u00e9parer l&rsquo;ap\u00e9ritif. Le pi\u00e8tement en acier laqu\u00e9 noir est \u00e9quip\u00e9 de roulettes pour une mobilit\u00e9 pratique. Milano est disponible avec deux ouvertures diff\u00e9rentes pour r\u00e9pondre \u00e0 vos besoins sp\u00e9cifiques.<\/p>\n","protected":false},"featured_media":16848,"comment_status":"open","ping_status":"closed","template":"","meta":{"inline_featured_image":false},"pwb-brand":[639],"product_brand":[],"product_cat":[77,90],"product_tag":[],"class_list":{"0":"post-16846","1":"product","2":"type-product","3":"status-publish","4":"has-post-thumbnail","6":"pwb-brand-akante","7":"product_cat-salon","8":"product_cat-table-basse","10":"first","11":"instock","12":"shipping-taxable","13":"product-type-simple"},"aioseo_notices":[],"brands":[{"id":639,"name":"Akante","slug":"akante"}],"_links":{"self":[{"href":"https:\/\/willyvastiau.be\/fr\/wp-json\/wp\/v2\/product\/16846","targetHints":{"allow":["GET"]}}],"collection":[{"href":"https:\/\/willyvastiau.be\/fr\/wp-json\/wp\/v2\/product"}],"about":[{"href":"https:\/\/willyvastiau.be\/fr\/wp-json\/wp\/v2\/types\/product"}],"replies":[{"embeddable":true,"href":"https:\/\/willyvastiau.be\/fr\/wp-json\/wp\/v2\/comments?post=16846"}],"wp:featuredmedia":[{"embeddable":true,"href":"https:\/\/willyvastiau.be\/fr\/wp-json\/wp\/v2\/media\/16848"}],"wp:attachment":[{"href":"https:\/\/willyvastiau.be\/fr\/wp-json\/wp\/v2\/media?parent=16846"}],"wp:term":[{"taxonomy":"pwb-brand","embeddable":true,"href":"https:\/\/willyvastiau.be\/fr\/wp-json\/wp\/v2\/pwb-brand?post=16846"},{"taxonomy":"product_brand","embeddable":true,"href":"https:\/\/willyvastiau.be\/fr\/wp-json\/wp\/v2\/product_brand?post=16846"},{"taxonomy":"product_cat","embeddable":true,"href":"https:\/\/willyvastiau.be\/fr\/wp-json\/wp\/v2\/product_cat?post=16846"},{"taxonomy":"product_tag","embeddable":true,"href":"https:\/\/willyvastiau.be\/fr\/wp-json\/wp\/v2\/product_tag?post=16846"}],"curies":[{"name":"wp","href":"https:\/\/api.w.org\/{rel}","templated":true}]}}