{"id":16890,"date":"2023-12-07T12:00:19","date_gmt":"2023-12-07T12:00:19","guid":{"rendered":"https:\/\/willyvastiau.be\/?post_type=product&#038;p=16890"},"modified":"2023-12-07T12:03:18","modified_gmt":"2023-12-07T12:03:18","slug":"table-basse-memphis","status":"publish","type":"product","link":"https:\/\/willyvastiau.be\/fr\/produit\/table-basse-memphis\/","title":{"rendered":"Table Basse Memphis"},"content":{"rendered":"","protected":false},"excerpt":{"rendered":"<p>La table MEMPHIS pr\u00e9sente une structure en verre gris fum\u00e9 de 10 mm solidement coll\u00e9e. Elle est \u00e9quip\u00e9e de deux plateaux pivotants, le premier \u00e9tant en verre tremp\u00e9 de 10 mm, tandis que le deuxi\u00e8me est en c\u00e9ramique acier de 3 mm, \u00e9galement coll\u00e9e sur un vitrage de 6 mm. Les pieds, r\u00e9alis\u00e9s en acier laqu\u00e9 noir, compl\u00e8tent l&rsquo;esth\u00e9tique de la table.<\/p>\n","protected":false},"featured_media":16892,"comment_status":"open","ping_status":"closed","template":"","meta":{"inline_featured_image":false},"pwb-brand":[639],"product_brand":[],"product_cat":[77,90],"product_tag":[],"class_list":{"0":"post-16890","1":"product","2":"type-product","3":"status-publish","4":"has-post-thumbnail","6":"pwb-brand-akante","7":"product_cat-salon","8":"product_cat-table-basse","10":"first","11":"instock","12":"shipping-taxable","13":"product-type-simple"},"aioseo_notices":[],"brands":[{"id":639,"name":"Akante","slug":"akante"}],"_links":{"self":[{"href":"https:\/\/willyvastiau.be\/fr\/wp-json\/wp\/v2\/product\/16890","targetHints":{"allow":["GET"]}}],"collection":[{"href":"https:\/\/willyvastiau.be\/fr\/wp-json\/wp\/v2\/product"}],"about":[{"href":"https:\/\/willyvastiau.be\/fr\/wp-json\/wp\/v2\/types\/product"}],"replies":[{"embeddable":true,"href":"https:\/\/willyvastiau.be\/fr\/wp-json\/wp\/v2\/comments?post=16890"}],"wp:featuredmedia":[{"embeddable":true,"href":"https:\/\/willyvastiau.be\/fr\/wp-json\/wp\/v2\/media\/16892"}],"wp:attachment":[{"href":"https:\/\/willyvastiau.be\/fr\/wp-json\/wp\/v2\/media?parent=16890"}],"wp:term":[{"taxonomy":"pwb-brand","embeddable":true,"href":"https:\/\/willyvastiau.be\/fr\/wp-json\/wp\/v2\/pwb-brand?post=16890"},{"taxonomy":"product_brand","embeddable":true,"href":"https:\/\/willyvastiau.be\/fr\/wp-json\/wp\/v2\/product_brand?post=16890"},{"taxonomy":"product_cat","embeddable":true,"href":"https:\/\/willyvastiau.be\/fr\/wp-json\/wp\/v2\/product_cat?post=16890"},{"taxonomy":"product_tag","embeddable":true,"href":"https:\/\/willyvastiau.be\/fr\/wp-json\/wp\/v2\/product_tag?post=16890"}],"curies":[{"name":"wp","href":"https:\/\/api.w.org\/{rel}","templated":true}]}}