{"id":16908,"date":"2023-12-07T12:23:59","date_gmt":"2023-12-07T12:23:59","guid":{"rendered":"https:\/\/willyvastiau.be\/?post_type=product&#038;p=16908"},"modified":"2023-12-07T12:27:39","modified_gmt":"2023-12-07T12:27:39","slug":"table-basse-arizona","status":"publish","type":"product","link":"https:\/\/willyvastiau.be\/fr\/produit\/table-basse-arizona\/","title":{"rendered":"Table Basse Arizona"},"content":{"rendered":"","protected":false},"excerpt":{"rendered":"<p>La table basse Arizona offre deux tablettes pratiques, id\u00e9ales pour prendre vos repas devant la t\u00e9l\u00e9vision ou utiliser votre ordinateur tout en \u00e9tant confortablement install\u00e9 sur le canap\u00e9. Ces tablettes, r\u00e9alis\u00e9es en c\u00e9ramique acier anthracite coll\u00e9e sur MDF, allient \u00e9l\u00e9gance et r\u00e9sistance aux rayures ainsi qu&rsquo;aux variations de chaleur.<\/p>\n","protected":false},"featured_media":16910,"comment_status":"open","ping_status":"closed","template":"","meta":{"inline_featured_image":false},"pwb-brand":[639],"product_brand":[],"product_cat":[77,90],"product_tag":[],"class_list":{"0":"post-16908","1":"product","2":"type-product","3":"status-publish","4":"has-post-thumbnail","6":"pwb-brand-akante","7":"product_cat-salon","8":"product_cat-table-basse","10":"first","11":"instock","12":"shipping-taxable","13":"product-type-simple"},"aioseo_notices":[],"brands":[{"id":639,"name":"Akante","slug":"akante"}],"_links":{"self":[{"href":"https:\/\/willyvastiau.be\/fr\/wp-json\/wp\/v2\/product\/16908","targetHints":{"allow":["GET"]}}],"collection":[{"href":"https:\/\/willyvastiau.be\/fr\/wp-json\/wp\/v2\/product"}],"about":[{"href":"https:\/\/willyvastiau.be\/fr\/wp-json\/wp\/v2\/types\/product"}],"replies":[{"embeddable":true,"href":"https:\/\/willyvastiau.be\/fr\/wp-json\/wp\/v2\/comments?post=16908"}],"wp:featuredmedia":[{"embeddable":true,"href":"https:\/\/willyvastiau.be\/fr\/wp-json\/wp\/v2\/media\/16910"}],"wp:attachment":[{"href":"https:\/\/willyvastiau.be\/fr\/wp-json\/wp\/v2\/media?parent=16908"}],"wp:term":[{"taxonomy":"pwb-brand","embeddable":true,"href":"https:\/\/willyvastiau.be\/fr\/wp-json\/wp\/v2\/pwb-brand?post=16908"},{"taxonomy":"product_brand","embeddable":true,"href":"https:\/\/willyvastiau.be\/fr\/wp-json\/wp\/v2\/product_brand?post=16908"},{"taxonomy":"product_cat","embeddable":true,"href":"https:\/\/willyvastiau.be\/fr\/wp-json\/wp\/v2\/product_cat?post=16908"},{"taxonomy":"product_tag","embeddable":true,"href":"https:\/\/willyvastiau.be\/fr\/wp-json\/wp\/v2\/product_tag?post=16908"}],"curies":[{"name":"wp","href":"https:\/\/api.w.org\/{rel}","templated":true}]}}