{"id":16922,"date":"2023-12-07T12:37:39","date_gmt":"2023-12-07T12:37:39","guid":{"rendered":"https:\/\/willyvastiau.be\/?post_type=product&#038;p=16922"},"modified":"2023-12-07T12:41:59","modified_gmt":"2023-12-07T12:41:59","slug":"table-basse-colorado","status":"publish","type":"product","link":"https:\/\/willyvastiau.be\/fr\/produit\/table-basse-colorado\/","title":{"rendered":"Table Basse Colorado"},"content":{"rendered":"","protected":false},"excerpt":{"rendered":"<p>La table basse Colorado d&rsquo;Akante se distingue par sa polyvalence. Dot\u00e9e d&rsquo;une double dinette, elle pr\u00e9sente des plateaux en c\u00e9ramique titane exclusive Akante de 3 mm coll\u00e9e sur un support en MDF. Sous ces plateaux, des espaces de rangement pratiques et deux porte-bouteilles facilitent la pr\u00e9paration d&rsquo;un ap\u00e9ritif. La structure est en MDF laqu\u00e9 d&rsquo;une peinture grise mate, avec des pieds en acier laqu\u00e9 noir. La tablette de droite se d\u00e9ploie \u00e0 hauteur de 60 cm vers l&rsquo;utilisateur, tandis que la tablette lat\u00e9rale s&rsquo;ouvre \u00e0 la m\u00eame hauteur vers la gauche. Les deux tiroirs mesurent 50 x 55 x H16 cm chacun, offrant un espace de rangement g\u00e9n\u00e9reux.<\/p>\n","protected":false},"featured_media":16923,"comment_status":"open","ping_status":"closed","template":"","meta":{"inline_featured_image":false},"pwb-brand":[639],"product_brand":[],"product_cat":[77,90],"product_tag":[],"class_list":{"0":"post-16922","1":"product","2":"type-product","3":"status-publish","4":"has-post-thumbnail","6":"pwb-brand-akante","7":"product_cat-salon","8":"product_cat-table-basse","10":"first","11":"instock","12":"shipping-taxable","13":"product-type-simple"},"aioseo_notices":[],"brands":[{"id":639,"name":"Akante","slug":"akante"}],"_links":{"self":[{"href":"https:\/\/willyvastiau.be\/fr\/wp-json\/wp\/v2\/product\/16922","targetHints":{"allow":["GET"]}}],"collection":[{"href":"https:\/\/willyvastiau.be\/fr\/wp-json\/wp\/v2\/product"}],"about":[{"href":"https:\/\/willyvastiau.be\/fr\/wp-json\/wp\/v2\/types\/product"}],"replies":[{"embeddable":true,"href":"https:\/\/willyvastiau.be\/fr\/wp-json\/wp\/v2\/comments?post=16922"}],"wp:featuredmedia":[{"embeddable":true,"href":"https:\/\/willyvastiau.be\/fr\/wp-json\/wp\/v2\/media\/16923"}],"wp:attachment":[{"href":"https:\/\/willyvastiau.be\/fr\/wp-json\/wp\/v2\/media?parent=16922"}],"wp:term":[{"taxonomy":"pwb-brand","embeddable":true,"href":"https:\/\/willyvastiau.be\/fr\/wp-json\/wp\/v2\/pwb-brand?post=16922"},{"taxonomy":"product_brand","embeddable":true,"href":"https:\/\/willyvastiau.be\/fr\/wp-json\/wp\/v2\/product_brand?post=16922"},{"taxonomy":"product_cat","embeddable":true,"href":"https:\/\/willyvastiau.be\/fr\/wp-json\/wp\/v2\/product_cat?post=16922"},{"taxonomy":"product_tag","embeddable":true,"href":"https:\/\/willyvastiau.be\/fr\/wp-json\/wp\/v2\/product_tag?post=16922"}],"curies":[{"name":"wp","href":"https:\/\/api.w.org\/{rel}","templated":true}]}}