{"id":16928,"date":"2023-12-07T12:43:31","date_gmt":"2023-12-07T12:43:31","guid":{"rendered":"https:\/\/willyvastiau.be\/?post_type=product&#038;p=16928"},"modified":"2023-12-07T12:49:37","modified_gmt":"2023-12-07T12:49:37","slug":"table-basse-square","status":"publish","type":"product","link":"https:\/\/willyvastiau.be\/fr\/produit\/table-basse-square\/","title":{"rendered":"Table Basse Square"},"content":{"rendered":"","protected":false},"excerpt":{"rendered":"<p>D\u00e9couvrez Square, une table basse carr\u00e9e \u00e0 la fois pratique et \u00e9l\u00e9gante, dot\u00e9e d&rsquo;un m\u00e9canisme synchronis\u00e9 ing\u00e9nieux. Son plateau sup\u00e9rieur de 80 x 80 cm est en c\u00e9ramique silver de 3 mm d&rsquo;\u00e9paisseur, coll\u00e9e sur un verre de 6 mm, assurant \u00e0 la fois solidit\u00e9 et facilit\u00e9 d&rsquo;entretien. Vous avez la possibilit\u00e9 de l&rsquo;agrandir jusqu&rsquo;\u00e0 118 cm en pivotant ses deux plateaux inf\u00e9rieurs carr\u00e9s en verre tremp\u00e9 de 10 mm d&rsquo;\u00e9paisseur. Son pi\u00e9tement en acier chrom\u00e9 ajoute une touche lumineuse \u00e0 votre espace de vie. La table Square est disponible en plusieurs coloris et offre \u00e9galement une option total look verre.<\/p>\n","protected":false},"featured_media":16933,"comment_status":"open","ping_status":"closed","template":"","meta":{"inline_featured_image":false},"pwb-brand":[639],"product_brand":[],"product_cat":[77,90],"product_tag":[],"class_list":{"0":"post-16928","1":"product","2":"type-product","3":"status-publish","4":"has-post-thumbnail","6":"pwb-brand-akante","7":"product_cat-salon","8":"product_cat-table-basse","10":"first","11":"instock","12":"shipping-taxable","13":"product-type-simple"},"aioseo_notices":[],"brands":[{"id":639,"name":"Akante","slug":"akante"}],"_links":{"self":[{"href":"https:\/\/willyvastiau.be\/fr\/wp-json\/wp\/v2\/product\/16928","targetHints":{"allow":["GET"]}}],"collection":[{"href":"https:\/\/willyvastiau.be\/fr\/wp-json\/wp\/v2\/product"}],"about":[{"href":"https:\/\/willyvastiau.be\/fr\/wp-json\/wp\/v2\/types\/product"}],"replies":[{"embeddable":true,"href":"https:\/\/willyvastiau.be\/fr\/wp-json\/wp\/v2\/comments?post=16928"}],"wp:featuredmedia":[{"embeddable":true,"href":"https:\/\/willyvastiau.be\/fr\/wp-json\/wp\/v2\/media\/16933"}],"wp:attachment":[{"href":"https:\/\/willyvastiau.be\/fr\/wp-json\/wp\/v2\/media?parent=16928"}],"wp:term":[{"taxonomy":"pwb-brand","embeddable":true,"href":"https:\/\/willyvastiau.be\/fr\/wp-json\/wp\/v2\/pwb-brand?post=16928"},{"taxonomy":"product_brand","embeddable":true,"href":"https:\/\/willyvastiau.be\/fr\/wp-json\/wp\/v2\/product_brand?post=16928"},{"taxonomy":"product_cat","embeddable":true,"href":"https:\/\/willyvastiau.be\/fr\/wp-json\/wp\/v2\/product_cat?post=16928"},{"taxonomy":"product_tag","embeddable":true,"href":"https:\/\/willyvastiau.be\/fr\/wp-json\/wp\/v2\/product_tag?post=16928"}],"curies":[{"name":"wp","href":"https:\/\/api.w.org\/{rel}","templated":true}]}}