{"id":16951,"date":"2023-12-08T09:29:50","date_gmt":"2023-12-08T09:29:50","guid":{"rendered":"https:\/\/willyvastiau.be\/?post_type=product&#038;p=16951"},"modified":"2023-12-08T09:45:03","modified_gmt":"2023-12-08T09:45:03","slug":"table-basse-portland","status":"publish","type":"product","link":"https:\/\/willyvastiau.be\/fr\/produit\/table-basse-portland\/","title":{"rendered":"Table Basse Portland"},"content":{"rendered":"","protected":false},"excerpt":{"rendered":"<p>La table basse Portland d&rsquo;Akante allie esth\u00e9tique et praticit\u00e9. Gr\u00e2ce \u00e0 ses deux plateaux relevables \u00e0 une hauteur de 61,5 cm, elle offre une polyvalence exceptionnelle, pouvant servir de petite table de repas, de bureau, ou encore d&rsquo;espace de rangement. Les plateaux en c\u00e9ramique acier et argile conf\u00e8rent \u00e0 Portland un aspect \u00e9l\u00e9gant. Son syst\u00e8me de dinette est particuli\u00e8rement fiable, et les pieds en inox polis ajoutent une touche contemporaine, soulign\u00e9e par la forme oblique des plateaux et des pieds.<\/p>\n","protected":false},"featured_media":16957,"comment_status":"open","ping_status":"closed","template":"","meta":{"inline_featured_image":false},"pwb-brand":[639],"product_brand":[],"product_cat":[77,90],"product_tag":[],"class_list":{"0":"post-16951","1":"product","2":"type-product","3":"status-publish","4":"has-post-thumbnail","6":"pwb-brand-akante","7":"product_cat-salon","8":"product_cat-table-basse","10":"first","11":"instock","12":"shipping-taxable","13":"product-type-simple"},"aioseo_notices":[],"brands":[{"id":639,"name":"Akante","slug":"akante"}],"_links":{"self":[{"href":"https:\/\/willyvastiau.be\/fr\/wp-json\/wp\/v2\/product\/16951","targetHints":{"allow":["GET"]}}],"collection":[{"href":"https:\/\/willyvastiau.be\/fr\/wp-json\/wp\/v2\/product"}],"about":[{"href":"https:\/\/willyvastiau.be\/fr\/wp-json\/wp\/v2\/types\/product"}],"replies":[{"embeddable":true,"href":"https:\/\/willyvastiau.be\/fr\/wp-json\/wp\/v2\/comments?post=16951"}],"wp:featuredmedia":[{"embeddable":true,"href":"https:\/\/willyvastiau.be\/fr\/wp-json\/wp\/v2\/media\/16957"}],"wp:attachment":[{"href":"https:\/\/willyvastiau.be\/fr\/wp-json\/wp\/v2\/media?parent=16951"}],"wp:term":[{"taxonomy":"pwb-brand","embeddable":true,"href":"https:\/\/willyvastiau.be\/fr\/wp-json\/wp\/v2\/pwb-brand?post=16951"},{"taxonomy":"product_brand","embeddable":true,"href":"https:\/\/willyvastiau.be\/fr\/wp-json\/wp\/v2\/product_brand?post=16951"},{"taxonomy":"product_cat","embeddable":true,"href":"https:\/\/willyvastiau.be\/fr\/wp-json\/wp\/v2\/product_cat?post=16951"},{"taxonomy":"product_tag","embeddable":true,"href":"https:\/\/willyvastiau.be\/fr\/wp-json\/wp\/v2\/product_tag?post=16951"}],"curies":[{"name":"wp","href":"https:\/\/api.w.org\/{rel}","templated":true}]}}