{"id":16985,"date":"2023-12-08T10:30:33","date_gmt":"2023-12-08T10:30:33","guid":{"rendered":"https:\/\/willyvastiau.be\/?post_type=product&#038;p=16985"},"modified":"2023-12-08T10:35:54","modified_gmt":"2023-12-08T10:35:54","slug":"table-basse-cadran","status":"publish","type":"product","link":"https:\/\/willyvastiau.be\/fr\/produit\/table-basse-cadran\/","title":{"rendered":"Table Basse Cadran"},"content":{"rendered":"","protected":false},"excerpt":{"rendered":"<p>La table basse CADRAN se distingue par ses trois plateaux synchronis\u00e9s. Sa base en acier laqu\u00e9 noir et ses bras en acier chrom\u00e9 lui conf\u00e8rent une esth\u00e9tique unique. Les deux plateaux inf\u00e9rieurs sont en verre tremp\u00e9 de 10 mm, assurant solidit\u00e9 et durabilit\u00e9. Le plateau sup\u00e9rieur offre plusieurs options de finition. Dans cette version, la table CADRAN arbore un plateau sup\u00e9rieur en c\u00e9ramique titane, une c\u00e9ramique exclusive d&rsquo;origine espagnole de 3 mm coll\u00e9e sur un vitrage de 6 mm pour renforcer sa r\u00e9sistance.<\/p>\n","protected":false},"featured_media":16989,"comment_status":"open","ping_status":"closed","template":"","meta":{"inline_featured_image":false},"pwb-brand":[639],"product_brand":[],"product_cat":[77,90],"product_tag":[],"class_list":{"0":"post-16985","1":"product","2":"type-product","3":"status-publish","4":"has-post-thumbnail","6":"pwb-brand-akante","7":"product_cat-salon","8":"product_cat-table-basse","10":"first","11":"instock","12":"shipping-taxable","13":"product-type-simple"},"aioseo_notices":[],"brands":[{"id":639,"name":"Akante","slug":"akante"}],"_links":{"self":[{"href":"https:\/\/willyvastiau.be\/fr\/wp-json\/wp\/v2\/product\/16985","targetHints":{"allow":["GET"]}}],"collection":[{"href":"https:\/\/willyvastiau.be\/fr\/wp-json\/wp\/v2\/product"}],"about":[{"href":"https:\/\/willyvastiau.be\/fr\/wp-json\/wp\/v2\/types\/product"}],"replies":[{"embeddable":true,"href":"https:\/\/willyvastiau.be\/fr\/wp-json\/wp\/v2\/comments?post=16985"}],"wp:featuredmedia":[{"embeddable":true,"href":"https:\/\/willyvastiau.be\/fr\/wp-json\/wp\/v2\/media\/16989"}],"wp:attachment":[{"href":"https:\/\/willyvastiau.be\/fr\/wp-json\/wp\/v2\/media?parent=16985"}],"wp:term":[{"taxonomy":"pwb-brand","embeddable":true,"href":"https:\/\/willyvastiau.be\/fr\/wp-json\/wp\/v2\/pwb-brand?post=16985"},{"taxonomy":"product_brand","embeddable":true,"href":"https:\/\/willyvastiau.be\/fr\/wp-json\/wp\/v2\/product_brand?post=16985"},{"taxonomy":"product_cat","embeddable":true,"href":"https:\/\/willyvastiau.be\/fr\/wp-json\/wp\/v2\/product_cat?post=16985"},{"taxonomy":"product_tag","embeddable":true,"href":"https:\/\/willyvastiau.be\/fr\/wp-json\/wp\/v2\/product_tag?post=16985"}],"curies":[{"name":"wp","href":"https:\/\/api.w.org\/{rel}","templated":true}]}}