{"id":17003,"date":"2023-12-08T10:54:04","date_gmt":"2023-12-08T10:54:04","guid":{"rendered":"https:\/\/willyvastiau.be\/?post_type=product&#038;p=17003"},"modified":"2023-12-08T10:57:15","modified_gmt":"2023-12-08T10:57:15","slug":"table-basse-black-squad","status":"publish","type":"product","link":"https:\/\/willyvastiau.be\/fr\/produit\/table-basse-black-squad\/","title":{"rendered":"Table Basse Black Squad"},"content":{"rendered":"","protected":false},"excerpt":{"rendered":"<p>D\u00e9couvrez la table basse Black Squad d&rsquo;Akante, une pi\u00e8ce articul\u00e9e unique compos\u00e9e de trois plateaux rectangulaires. Les deux plateaux inf\u00e9rieurs de dimensions r\u00e9duites se dissimulent sous le grand plateau sup\u00e9rieur de 80 x 80 cm lorsqu&rsquo;ils sont ferm\u00e9s. Lorsqu&rsquo;ils sont ouverts, les deux plateaux inf\u00e9rieurs ajoutent de l&rsquo;espace \u00e0 la table, \u00e9tendant ses dimensions \u00e0 118 cm x 80 cm. La base en acier laqu\u00e9 noir assure une stabilit\u00e9 exceptionnelle. Les plateaux inf\u00e9rieurs sont en verre tremp\u00e9 de 10 mm, tandis que le plateau sup\u00e9rieur pr\u00e9sente une \u00e9l\u00e9gante finition en c\u00e9ramique silver. Une combinaison astucieuse de fonctionnalit\u00e9 et de design contemporain.<\/p>\n","protected":false},"featured_media":17005,"comment_status":"open","ping_status":"closed","template":"","meta":{"inline_featured_image":false},"pwb-brand":[639],"product_brand":[],"product_cat":[77,90],"product_tag":[],"class_list":{"0":"post-17003","1":"product","2":"type-product","3":"status-publish","4":"has-post-thumbnail","6":"pwb-brand-akante","7":"product_cat-salon","8":"product_cat-table-basse","10":"first","11":"instock","12":"shipping-taxable","13":"product-type-simple"},"aioseo_notices":[],"brands":[{"id":639,"name":"Akante","slug":"akante"}],"_links":{"self":[{"href":"https:\/\/willyvastiau.be\/fr\/wp-json\/wp\/v2\/product\/17003","targetHints":{"allow":["GET"]}}],"collection":[{"href":"https:\/\/willyvastiau.be\/fr\/wp-json\/wp\/v2\/product"}],"about":[{"href":"https:\/\/willyvastiau.be\/fr\/wp-json\/wp\/v2\/types\/product"}],"replies":[{"embeddable":true,"href":"https:\/\/willyvastiau.be\/fr\/wp-json\/wp\/v2\/comments?post=17003"}],"wp:featuredmedia":[{"embeddable":true,"href":"https:\/\/willyvastiau.be\/fr\/wp-json\/wp\/v2\/media\/17005"}],"wp:attachment":[{"href":"https:\/\/willyvastiau.be\/fr\/wp-json\/wp\/v2\/media?parent=17003"}],"wp:term":[{"taxonomy":"pwb-brand","embeddable":true,"href":"https:\/\/willyvastiau.be\/fr\/wp-json\/wp\/v2\/pwb-brand?post=17003"},{"taxonomy":"product_brand","embeddable":true,"href":"https:\/\/willyvastiau.be\/fr\/wp-json\/wp\/v2\/product_brand?post=17003"},{"taxonomy":"product_cat","embeddable":true,"href":"https:\/\/willyvastiau.be\/fr\/wp-json\/wp\/v2\/product_cat?post=17003"},{"taxonomy":"product_tag","embeddable":true,"href":"https:\/\/willyvastiau.be\/fr\/wp-json\/wp\/v2\/product_tag?post=17003"}],"curies":[{"name":"wp","href":"https:\/\/api.w.org\/{rel}","templated":true}]}}