{"id":17057,"date":"2023-12-08T12:12:11","date_gmt":"2023-12-08T12:12:11","guid":{"rendered":"https:\/\/willyvastiau.be\/?post_type=product&#038;p=17057"},"modified":"2023-12-08T12:17:19","modified_gmt":"2023-12-08T12:17:19","slug":"table-basse-atena-etagere","status":"publish","type":"product","link":"https:\/\/willyvastiau.be\/fr\/produit\/table-basse-atena-etagere\/","title":{"rendered":"Table Basse Atena Etagere"},"content":{"rendered":"","protected":false},"excerpt":{"rendered":"<p>Optez pour l&rsquo;\u00e9l\u00e9gance transparente de la table basse Atena. Arborant une \u00e9tag\u00e8re inf\u00e9rieure en c\u00e9ramique argile et un plateau sup\u00e9rieur en verre extra clair, courb\u00e9 \u00e0 chaud pour une r\u00e9sistance accrue. Ses dimensions g\u00e9n\u00e9reuses s&rsquo;\u00e9tablissent \u00e0 113 x 66 cm. Une alliance parfaite de style et de fonctionnalit\u00e9 pour votre espace de vie.<\/p>\n","protected":false},"featured_media":17059,"comment_status":"open","ping_status":"closed","template":"","meta":{"inline_featured_image":false},"pwb-brand":[639],"product_brand":[],"product_cat":[77,90],"product_tag":[],"class_list":{"0":"post-17057","1":"product","2":"type-product","3":"status-publish","4":"has-post-thumbnail","6":"pwb-brand-akante","7":"product_cat-salon","8":"product_cat-table-basse","10":"first","11":"instock","12":"shipping-taxable","13":"product-type-simple"},"aioseo_notices":[],"brands":[{"id":639,"name":"Akante","slug":"akante"}],"_links":{"self":[{"href":"https:\/\/willyvastiau.be\/fr\/wp-json\/wp\/v2\/product\/17057","targetHints":{"allow":["GET"]}}],"collection":[{"href":"https:\/\/willyvastiau.be\/fr\/wp-json\/wp\/v2\/product"}],"about":[{"href":"https:\/\/willyvastiau.be\/fr\/wp-json\/wp\/v2\/types\/product"}],"replies":[{"embeddable":true,"href":"https:\/\/willyvastiau.be\/fr\/wp-json\/wp\/v2\/comments?post=17057"}],"wp:featuredmedia":[{"embeddable":true,"href":"https:\/\/willyvastiau.be\/fr\/wp-json\/wp\/v2\/media\/17059"}],"wp:attachment":[{"href":"https:\/\/willyvastiau.be\/fr\/wp-json\/wp\/v2\/media?parent=17057"}],"wp:term":[{"taxonomy":"pwb-brand","embeddable":true,"href":"https:\/\/willyvastiau.be\/fr\/wp-json\/wp\/v2\/pwb-brand?post=17057"},{"taxonomy":"product_brand","embeddable":true,"href":"https:\/\/willyvastiau.be\/fr\/wp-json\/wp\/v2\/product_brand?post=17057"},{"taxonomy":"product_cat","embeddable":true,"href":"https:\/\/willyvastiau.be\/fr\/wp-json\/wp\/v2\/product_cat?post=17057"},{"taxonomy":"product_tag","embeddable":true,"href":"https:\/\/willyvastiau.be\/fr\/wp-json\/wp\/v2\/product_tag?post=17057"}],"curies":[{"name":"wp","href":"https:\/\/api.w.org\/{rel}","templated":true}]}}