{"id":17063,"date":"2023-12-08T12:19:40","date_gmt":"2023-12-08T12:19:40","guid":{"rendered":"https:\/\/willyvastiau.be\/?post_type=product&#038;p=17063"},"modified":"2023-12-08T12:23:17","modified_gmt":"2023-12-08T12:23:17","slug":"table-basse-6205","status":"publish","type":"product","link":"https:\/\/willyvastiau.be\/fr\/produit\/table-basse-6205\/","title":{"rendered":"Table Basse 6205"},"content":{"rendered":"","protected":false},"excerpt":{"rendered":"<p>Offrez une touche contemporaine \u00e0 votre espace avec la table basse 6205 d&rsquo;Akante. Arborant une esth\u00e9tique \u00e9pur\u00e9e, elle pr\u00e9sente un pi\u00e9tement en acier laqu\u00e9 noir mat qui conf\u00e8re modernit\u00e9 et stabilit\u00e9. Ses dimensions g\u00e9n\u00e9reuses de 130 x 75 x 43 cm offrent un espace de vie convivial et fonctionnel.<\/p>\n<p>Le plateau principal, compos\u00e9 de c\u00e9ramique de 3 mm astucieusement coll\u00e9e sur un verre de 6 mm, allie robustesse et \u00e9l\u00e9gance. De plus, la tablette int\u00e9gr\u00e9e, \u00e9galement en c\u00e9ramique sur un verre de 6 mm, apporte une note suppl\u00e9mentaire de sophistication \u00e0 la table. La particularit\u00e9 de cette table r\u00e9side dans sa tablette rotative \u00e0 360\u00b0, ajoutant une fonctionnalit\u00e9 ing\u00e9nieuse \u00e0 son design. Disponible dans des tons acier et argile, cette table basse 6205 se positionne comme le choix id\u00e9al pour sublimer votre espace de vie.<\/p>\n","protected":false},"featured_media":17067,"comment_status":"open","ping_status":"closed","template":"","meta":{"inline_featured_image":false},"pwb-brand":[639],"product_brand":[],"product_cat":[77,90],"product_tag":[],"class_list":{"0":"post-17063","1":"product","2":"type-product","3":"status-publish","4":"has-post-thumbnail","6":"pwb-brand-akante","7":"product_cat-salon","8":"product_cat-table-basse","10":"first","11":"instock","12":"shipping-taxable","13":"product-type-simple"},"aioseo_notices":[],"brands":[{"id":639,"name":"Akante","slug":"akante"}],"_links":{"self":[{"href":"https:\/\/willyvastiau.be\/fr\/wp-json\/wp\/v2\/product\/17063","targetHints":{"allow":["GET"]}}],"collection":[{"href":"https:\/\/willyvastiau.be\/fr\/wp-json\/wp\/v2\/product"}],"about":[{"href":"https:\/\/willyvastiau.be\/fr\/wp-json\/wp\/v2\/types\/product"}],"replies":[{"embeddable":true,"href":"https:\/\/willyvastiau.be\/fr\/wp-json\/wp\/v2\/comments?post=17063"}],"wp:featuredmedia":[{"embeddable":true,"href":"https:\/\/willyvastiau.be\/fr\/wp-json\/wp\/v2\/media\/17067"}],"wp:attachment":[{"href":"https:\/\/willyvastiau.be\/fr\/wp-json\/wp\/v2\/media?parent=17063"}],"wp:term":[{"taxonomy":"pwb-brand","embeddable":true,"href":"https:\/\/willyvastiau.be\/fr\/wp-json\/wp\/v2\/pwb-brand?post=17063"},{"taxonomy":"product_brand","embeddable":true,"href":"https:\/\/willyvastiau.be\/fr\/wp-json\/wp\/v2\/product_brand?post=17063"},{"taxonomy":"product_cat","embeddable":true,"href":"https:\/\/willyvastiau.be\/fr\/wp-json\/wp\/v2\/product_cat?post=17063"},{"taxonomy":"product_tag","embeddable":true,"href":"https:\/\/willyvastiau.be\/fr\/wp-json\/wp\/v2\/product_tag?post=17063"}],"curies":[{"name":"wp","href":"https:\/\/api.w.org\/{rel}","templated":true}]}}