{"id":17117,"date":"2023-12-14T09:33:53","date_gmt":"2023-12-14T09:33:53","guid":{"rendered":"https:\/\/willyvastiau.be\/?post_type=product&#038;p=17117"},"modified":"2023-12-14T09:37:50","modified_gmt":"2023-12-14T09:37:50","slug":"table-stromboli","status":"publish","type":"product","link":"https:\/\/willyvastiau.be\/fr\/produit\/table-stromboli\/","title":{"rendered":"Table Stromboli"},"content":{"rendered":"","protected":false},"excerpt":{"rendered":"<p>Transformez votre salle \u00e0 manger en un espace convivial au quotidien avec la table de repas Stromboli, une pi\u00e8ce ma\u00eetresse originale et ing\u00e9nieuse. Arborant un plateau en Marbre Fiorentino, cette table de repas promet une exp\u00e9rience unique. Le plateau, compos\u00e9 de c\u00e9ramique pleine masse d&rsquo;une \u00e9paisseur de 12 mm, se d\u00e9voile avec gr\u00e2ce, r\u00e9v\u00e9lant deux rallonges lat\u00e9rales.<\/p>\n<p>Ainsi, vous avez la possibilit\u00e9 d&rsquo;ajuster facilement la capacit\u00e9 de la table, passant de 4 \u00e0 6 convives. L&rsquo;\u00e9l\u00e9ment distinctif de la table r\u00e9side dans son pi\u00e8tement en acier laqu\u00e9 noir mat. Les lignes \u00e9pur\u00e9es de sa structure conf\u00e8rent une touche contemporaine \u00e0 l&rsquo;ensemble, ajoutant une note de modernit\u00e9 \u00e0 votre espace de repas. La table Stromboli allie esth\u00e9tique, praticit\u00e9 et design sophistiqu\u00e9 pour une exp\u00e9rience culinaire exceptionnelle.<\/p>\n","protected":false},"featured_media":17122,"comment_status":"open","ping_status":"closed","template":"","meta":{"inline_featured_image":false},"pwb-brand":[639],"product_brand":[],"product_cat":[78,94],"product_tag":[],"class_list":{"0":"post-17117","1":"product","2":"type-product","3":"status-publish","4":"has-post-thumbnail","6":"pwb-brand-akante","7":"product_cat-salle-a-manger","8":"product_cat-table","10":"first","11":"instock","12":"shipping-taxable","13":"product-type-simple"},"aioseo_notices":[],"brands":[{"id":639,"name":"Akante","slug":"akante"}],"_links":{"self":[{"href":"https:\/\/willyvastiau.be\/fr\/wp-json\/wp\/v2\/product\/17117","targetHints":{"allow":["GET"]}}],"collection":[{"href":"https:\/\/willyvastiau.be\/fr\/wp-json\/wp\/v2\/product"}],"about":[{"href":"https:\/\/willyvastiau.be\/fr\/wp-json\/wp\/v2\/types\/product"}],"replies":[{"embeddable":true,"href":"https:\/\/willyvastiau.be\/fr\/wp-json\/wp\/v2\/comments?post=17117"}],"wp:featuredmedia":[{"embeddable":true,"href":"https:\/\/willyvastiau.be\/fr\/wp-json\/wp\/v2\/media\/17122"}],"wp:attachment":[{"href":"https:\/\/willyvastiau.be\/fr\/wp-json\/wp\/v2\/media?parent=17117"}],"wp:term":[{"taxonomy":"pwb-brand","embeddable":true,"href":"https:\/\/willyvastiau.be\/fr\/wp-json\/wp\/v2\/pwb-brand?post=17117"},{"taxonomy":"product_brand","embeddable":true,"href":"https:\/\/willyvastiau.be\/fr\/wp-json\/wp\/v2\/product_brand?post=17117"},{"taxonomy":"product_cat","embeddable":true,"href":"https:\/\/willyvastiau.be\/fr\/wp-json\/wp\/v2\/product_cat?post=17117"},{"taxonomy":"product_tag","embeddable":true,"href":"https:\/\/willyvastiau.be\/fr\/wp-json\/wp\/v2\/product_tag?post=17117"}],"curies":[{"name":"wp","href":"https:\/\/api.w.org\/{rel}","templated":true}]}}